{"id":5424,"date":"2023-10-26T19:27:31","date_gmt":"2023-10-26T22:27:31","guid":{"rendered":"https:\/\/backingtracksmusic.com\/?post_type=product&#038;p=5424"},"modified":"2023-10-26T19:28:56","modified_gmt":"2023-10-26T22:28:56","slug":"the-way-we-were","status":"publish","type":"product","link":"https:\/\/backingtracksmusic.com\/en\/product\/the-way-we-were\/","title":{"rendered":"The way we were"},"content":{"rendered":"<h3>Information:<\/h3>\n<p>The Way We Were, conocida en espa\u00f1ol como Tal como \u00e9ramos (en Espa\u00f1a) o Nuestros a\u00f1os felices (en Hispanoam\u00e9rica), es una pel\u00edcula americana de 1973 dirigida por Sydney Pollack y protagonizada por Robert Redford y Barbra Streisand. Ella adem\u00e1s interpret\u00f3 la canci\u00f3n de igual t\u00edtulo, premiada con un \u00d3scar y hoy un cl\u00e1sico de su repertorio.<br \/>\nCompuesto por Marvin Hamlisch<\/p>\n<p>&nbsp;<\/p>","protected":false},"excerpt":{"rendered":"<h3>Demo:<\/h3>\n<div class=\"wp-playlist wp-audio-playlist wp-playlist-light\">\n<div class=\"wp-playlist-current-item\"><\/div>\n<p>\t\t<audio controls=\"controls\" preload=\"none\" width=\"1378\"\n\t\t\t><\/audio><\/p>\n<div class=\"wp-playlist-next\"><\/div>\n<div class=\"wp-playlist-prev\"><\/div>\n<p>\t<noscript><\/p>\n<ol>\n<li><a href='https:\/\/backingtracksmusic.com\/wp-content\/uploads\/2023\/10\/the-way-we-weere-C-play-flute-refe-DEMO.mp3'>the way we weere C play + flute refe DEMO<\/a><\/li>\n<li><a href='https:\/\/backingtracksmusic.com\/wp-content\/uploads\/2023\/10\/the-way-we-weere-C-play-DEMO.mp3'>the way we weere C play DEMO<\/a><\/li>\n<\/ol>\n<p>\t<\/noscript><br \/>\n\t<script type=\"application\/json\" class=\"wp-playlist-script\">{\"type\":\"audio\",\"tracklist\":true,\"tracknumbers\":true,\"images\":false,\"artists\":false,\"tracks\":[{\"src\":\"https:\/\/backingtracksmusic.com\/wp-content\/uploads\/2023\/10\/the-way-we-weere-C-play-flute-refe-DEMO.mp3\",\"type\":\"audio\/mpeg\",\"title\":\"the way we weere C play + flute refe DEMO\",\"caption\":\"\",\"description\":\"\\\"the way we weere C play + flute refe DEMO\\\". G\\u00e9nero: Otro.\",\"meta\":{\"genre\":\"Otro\",\"length_formatted\":\"1:15\"},\"image\":{\"src\":\"https:\/\/backingtracksmusic.com\/wp-includes\/images\/media\/audio.svg\",\"width\":48,\"height\":64},\"thumb\":{\"src\":\"https:\/\/backingtracksmusic.com\/wp-includes\/images\/media\/audio.svg\",\"width\":48,\"height\":64}},{\"src\":\"https:\/\/backingtracksmusic.com\/wp-content\/uploads\/2023\/10\/the-way-we-weere-C-play-DEMO.mp3\",\"type\":\"audio\/mpeg\",\"title\":\"the way we weere C play DEMO\",\"caption\":\"\",\"description\":\"\\\"the way we weere C play DEMO\\\". G\\u00e9nero: Otro.\",\"meta\":{\"genre\":\"Otro\",\"length_formatted\":\"1:28\"},\"image\":{\"src\":\"https:\/\/backingtracksmusic.com\/wp-includes\/images\/media\/audio.svg\",\"width\":48,\"height\":64},\"thumb\":{\"src\":\"https:\/\/backingtracksmusic.com\/wp-includes\/images\/media\/audio.svg\",\"width\":48,\"height\":64}}]}<\/script>\n<\/div>","protected":false},"featured_media":5425,"template":"","meta":{"_acf_changed":false},"product_brand":[],"product_cat":[103,97],"product_tag":[270],"class_list":{"0":"post-5424","1":"product","2":"type-product","3":"status-publish","4":"has-post-thumbnail","6":"product_cat-10-tv-movies","7":"product_cat-13-love-songs","8":"product_tag-marvin-hamlisch","10":"first","11":"instock","12":"virtual","13":"purchasable","14":"product-type-simple"},"acf":[],"_links":{"self":[{"href":"https:\/\/backingtracksmusic.com\/en\/wp-json\/wp\/v2\/product\/5424","targetHints":{"allow":["GET"]}}],"collection":[{"href":"https:\/\/backingtracksmusic.com\/en\/wp-json\/wp\/v2\/product"}],"about":[{"href":"https:\/\/backingtracksmusic.com\/en\/wp-json\/wp\/v2\/types\/product"}],"wp:featuredmedia":[{"embeddable":true,"href":"https:\/\/backingtracksmusic.com\/en\/wp-json\/wp\/v2\/media\/5425"}],"wp:attachment":[{"href":"https:\/\/backingtracksmusic.com\/en\/wp-json\/wp\/v2\/media?parent=5424"}],"wp:term":[{"taxonomy":"product_brand","embeddable":true,"href":"https:\/\/backingtracksmusic.com\/en\/wp-json\/wp\/v2\/product_brand?post=5424"},{"taxonomy":"product_cat","embeddable":true,"href":"https:\/\/backingtracksmusic.com\/en\/wp-json\/wp\/v2\/product_cat?post=5424"},{"taxonomy":"product_tag","embeddable":true,"href":"https:\/\/backingtracksmusic.com\/en\/wp-json\/wp\/v2\/product_tag?post=5424"}],"curies":[{"name":"wp","href":"https:\/\/api.w.org\/{rel}","templated":true}]}}