{"id":5321,"date":"2023-05-18T10:58:34","date_gmt":"2023-05-18T13:58:34","guid":{"rendered":"https:\/\/backingtracksmusic.com\/?post_type=product&#038;p=5321"},"modified":"2023-05-18T11:02:20","modified_gmt":"2023-05-18T14:02:20","slug":"smile-chaplin-v-2","status":"publish","type":"product","link":"https:\/\/backingtracksmusic.com\/en\/product\/smile-chaplin-v-2\/","title":{"rendered":"Smile (chaplin) v.2"},"content":{"rendered":"<h3>Information:<\/h3>\n<p><b>\u00abSmile\u00bb<\/b>\u00a0es una canci\u00f3n basada en un tema instrumental de la pel\u00edcula dirigida por\u00a0<a class=\"mw-redirect\" title=\"Charlie Chaplin\" href=\"https:\/\/es.wikipedia.org\/wiki\/Charlie_Chaplin\">Charlie Chaplin<\/a>\u00a0titulada\u00a0<i>Tiempos modernos.<\/i>\u00a0Chaplin compuso la m\u00fasica junto John Turner, y Geoffrey Parsons agreg\u00f3 la letra y el t\u00edtulo en 1954.<\/p>","protected":false},"excerpt":{"rendered":"<h3>Demo:<\/h3>\n<div class=\"wp-playlist wp-audio-playlist wp-playlist-light\">\n<div class=\"wp-playlist-current-item\"><\/div>\n<p>\t\t<audio controls=\"controls\" preload=\"none\" width=\"1378\"\n\t\t\t><\/audio><\/p>\n<div class=\"wp-playlist-next\"><\/div>\n<div class=\"wp-playlist-prev\"><\/div>\n<p>\t<noscript><\/p>\n<ol>\n<li><a href='https:\/\/backingtracksmusic.com\/wp-content\/uploads\/2023\/05\/smile-C-refe-armonica-DEMO.mp3'>smile C + refe armonica DEMO<\/a><\/li>\n<li><a href='https:\/\/backingtracksmusic.com\/wp-content\/uploads\/2023\/05\/Smile-C-pian-play-DEMO.mp3'>Smile C pian play DEMO<\/a><\/li>\n<\/ol>\n<p>\t<\/noscript><br \/>\n\t<script type=\"application\/json\" class=\"wp-playlist-script\">{\"type\":\"audio\",\"tracklist\":true,\"tracknumbers\":true,\"images\":false,\"artists\":false,\"tracks\":[{\"src\":\"https:\/\/backingtracksmusic.com\/wp-content\/uploads\/2023\/05\/smile-C-refe-armonica-DEMO.mp3\",\"type\":\"audio\/mpeg\",\"title\":\"smile C + refe armonica DEMO\",\"caption\":\"\",\"description\":\"\\\"smile C + refe armonica DEMO\\\". G\\u00e9nero: Otro.\",\"meta\":{\"genre\":\"Otro\",\"length_formatted\":\"0:45\"},\"image\":{\"src\":\"https:\/\/backingtracksmusic.com\/wp-includes\/images\/media\/audio.svg\",\"width\":48,\"height\":64},\"thumb\":{\"src\":\"https:\/\/backingtracksmusic.com\/wp-includes\/images\/media\/audio.svg\",\"width\":48,\"height\":64}},{\"src\":\"https:\/\/backingtracksmusic.com\/wp-content\/uploads\/2023\/05\/Smile-C-pian-play-DEMO.mp3\",\"type\":\"audio\/mpeg\",\"title\":\"Smile C pian play DEMO\",\"caption\":\"\",\"description\":\"\\\"Smile C pian play DEMO\\\". G\\u00e9nero: Otro.\",\"meta\":{\"genre\":\"Otro\",\"length_formatted\":\"1:09\"},\"image\":{\"src\":\"https:\/\/backingtracksmusic.com\/wp-includes\/images\/media\/audio.svg\",\"width\":48,\"height\":64},\"thumb\":{\"src\":\"https:\/\/backingtracksmusic.com\/wp-includes\/images\/media\/audio.svg\",\"width\":48,\"height\":64}}]}<\/script>\n<\/div>","protected":false},"featured_media":5322,"template":"","meta":{"_acf_changed":false},"product_brand":[],"product_cat":[103],"product_tag":[262],"class_list":{"0":"post-5321","1":"product","2":"type-product","3":"status-publish","4":"has-post-thumbnail","6":"product_cat-10-tv-movies","7":"product_tag-charles-chaplin","9":"first","10":"instock","11":"virtual","12":"purchasable","13":"product-type-simple"},"acf":[],"_links":{"self":[{"href":"https:\/\/backingtracksmusic.com\/en\/wp-json\/wp\/v2\/product\/5321","targetHints":{"allow":["GET"]}}],"collection":[{"href":"https:\/\/backingtracksmusic.com\/en\/wp-json\/wp\/v2\/product"}],"about":[{"href":"https:\/\/backingtracksmusic.com\/en\/wp-json\/wp\/v2\/types\/product"}],"wp:featuredmedia":[{"embeddable":true,"href":"https:\/\/backingtracksmusic.com\/en\/wp-json\/wp\/v2\/media\/5322"}],"wp:attachment":[{"href":"https:\/\/backingtracksmusic.com\/en\/wp-json\/wp\/v2\/media?parent=5321"}],"wp:term":[{"taxonomy":"product_brand","embeddable":true,"href":"https:\/\/backingtracksmusic.com\/en\/wp-json\/wp\/v2\/product_brand?post=5321"},{"taxonomy":"product_cat","embeddable":true,"href":"https:\/\/backingtracksmusic.com\/en\/wp-json\/wp\/v2\/product_cat?post=5321"},{"taxonomy":"product_tag","embeddable":true,"href":"https:\/\/backingtracksmusic.com\/en\/wp-json\/wp\/v2\/product_tag?post=5321"}],"curies":[{"name":"wp","href":"https:\/\/api.w.org\/{rel}","templated":true}]}}