{"id":5226,"date":"2023-02-11T10:01:41","date_gmt":"2023-02-11T13:01:41","guid":{"rendered":"https:\/\/backingtracksmusic.com\/?post_type=product&#038;p=5226"},"modified":"2023-02-11T10:08:27","modified_gmt":"2023-02-11T13:08:27","slug":"bridge-over-troubled-water","status":"publish","type":"product","link":"https:\/\/backingtracksmusic.com\/en\/product\/bridge-over-troubled-water\/","title":{"rendered":"Bridge over troubled water"},"content":{"rendered":"<h3>Information:<\/h3>\n<p>Bridge over Troubled Water (Puente sobre agua turbulenta en espa\u00f1ol) es el quinto y \u00faltimo \u00e1lbum de estudio del d\u00fao estadounidense de folk Simon and Garfunkel. Fue publicado en enero de 1970.<br \/>\nLuego de terminar la promoci\u00f3n del \u00e1lbum, el d\u00fao se separ\u00f3, siguiendo Art Garfunkel su carrera cinematogr\u00e1fica y Paul Simon iniciando una exitosa carrera como solista.<\/p>\n<p>&nbsp;<\/p>\n<p>&nbsp;<\/p>","protected":false},"excerpt":{"rendered":"<h3>Demo:<\/h3>\n<div class=\"wp-playlist wp-audio-playlist wp-playlist-light\">\n<div class=\"wp-playlist-current-item\"><\/div>\n<p>\t\t<audio controls=\"controls\" preload=\"none\" width=\"1378\"\n\t\t\t><\/audio><\/p>\n<div class=\"wp-playlist-next\"><\/div>\n<div class=\"wp-playlist-prev\"><\/div>\n<p>\t<noscript><\/p>\n<ol>\n<li><a href='https:\/\/backingtracksmusic.com\/wp-content\/uploads\/2023\/02\/Bridge-over-troubled-water-Eb-play-flute-reference-DEMO.mp3'>Bridge over troubled water Eb play + flute reference DEMO<\/a><\/li>\n<li><a href='https:\/\/backingtracksmusic.com\/wp-content\/uploads\/2023\/02\/Bridge-over-troubled-water-Eb-play-DEMO.mp3'>Bridge over troubled water Eb play DEMO<\/a><\/li>\n<\/ol>\n<p>\t<\/noscript><br \/>\n\t<script type=\"application\/json\" class=\"wp-playlist-script\">{\"type\":\"audio\",\"tracklist\":true,\"tracknumbers\":true,\"images\":false,\"artists\":false,\"tracks\":[{\"src\":\"https:\/\/backingtracksmusic.com\/wp-content\/uploads\/2023\/02\/Bridge-over-troubled-water-Eb-play-flute-reference-DEMO.mp3\",\"type\":\"audio\/mpeg\",\"title\":\"Bridge over troubled water Eb play + flute reference DEMO\",\"caption\":\"\",\"description\":\"\\\"Bridge over troubled water Eb play + flute reference DEMO\\\". G\\u00e9nero: Otro.\",\"meta\":{\"genre\":\"Otro\",\"length_formatted\":\"1:31\"},\"image\":{\"src\":\"https:\/\/backingtracksmusic.com\/wp-includes\/images\/media\/audio.svg\",\"width\":48,\"height\":64},\"thumb\":{\"src\":\"https:\/\/backingtracksmusic.com\/wp-includes\/images\/media\/audio.svg\",\"width\":48,\"height\":64}},{\"src\":\"https:\/\/backingtracksmusic.com\/wp-content\/uploads\/2023\/02\/Bridge-over-troubled-water-Eb-play-DEMO.mp3\",\"type\":\"audio\/mpeg\",\"title\":\"Bridge over troubled water Eb play DEMO\",\"caption\":\"\",\"description\":\"\\\"Bridge over troubled water Eb play DEMO\\\". G\\u00e9nero: Otro.\",\"meta\":{\"genre\":\"Otro\",\"length_formatted\":\"1:24\"},\"image\":{\"src\":\"https:\/\/backingtracksmusic.com\/wp-includes\/images\/media\/audio.svg\",\"width\":48,\"height\":64},\"thumb\":{\"src\":\"https:\/\/backingtracksmusic.com\/wp-includes\/images\/media\/audio.svg\",\"width\":48,\"height\":64}}]}<\/script>\n<\/div>","protected":false},"featured_media":5227,"template":"","meta":{"_acf_changed":false},"product_brand":[],"product_cat":[97,99],"product_tag":[367],"class_list":{"0":"post-5226","1":"product","2":"type-product","3":"status-publish","4":"has-post-thumbnail","6":"product_cat-13-love-songs","7":"product_cat-15-oldes","8":"product_tag-paul-simon","10":"first","11":"instock","12":"virtual","13":"purchasable","14":"product-type-simple"},"acf":[],"_links":{"self":[{"href":"https:\/\/backingtracksmusic.com\/en\/wp-json\/wp\/v2\/product\/5226","targetHints":{"allow":["GET"]}}],"collection":[{"href":"https:\/\/backingtracksmusic.com\/en\/wp-json\/wp\/v2\/product"}],"about":[{"href":"https:\/\/backingtracksmusic.com\/en\/wp-json\/wp\/v2\/types\/product"}],"wp:featuredmedia":[{"embeddable":true,"href":"https:\/\/backingtracksmusic.com\/en\/wp-json\/wp\/v2\/media\/5227"}],"wp:attachment":[{"href":"https:\/\/backingtracksmusic.com\/en\/wp-json\/wp\/v2\/media?parent=5226"}],"wp:term":[{"taxonomy":"product_brand","embeddable":true,"href":"https:\/\/backingtracksmusic.com\/en\/wp-json\/wp\/v2\/product_brand?post=5226"},{"taxonomy":"product_cat","embeddable":true,"href":"https:\/\/backingtracksmusic.com\/en\/wp-json\/wp\/v2\/product_cat?post=5226"},{"taxonomy":"product_tag","embeddable":true,"href":"https:\/\/backingtracksmusic.com\/en\/wp-json\/wp\/v2\/product_tag?post=5226"}],"curies":[{"name":"wp","href":"https:\/\/api.w.org\/{rel}","templated":true}]}}