{"id":5200,"date":"2023-01-07T15:09:16","date_gmt":"2023-01-07T18:09:16","guid":{"rendered":"https:\/\/backingtracksmusic.com\/?post_type=product&#038;p=5200"},"modified":"2023-01-07T15:11:02","modified_gmt":"2023-01-07T18:11:02","slug":"la-boheme","status":"publish","type":"product","link":"https:\/\/backingtracksmusic.com\/en\/product\/la-boheme\/","title":{"rendered":"La Boheme"},"content":{"rendered":"<h3>Information:<\/h3>\n<p>\u00abLa Boh\u00e8me\u00bb (&#8220;La bohemia&#8221;) es una canci\u00f3n francesa escrita por Jacques Plante y el artista armenio-franc\u00e9s Charles Aznavour. Publicada en 1965, la grab\u00f3 por primera vez Aznavour en 1966. Es la canci\u00f3n firma de Aznavour, as\u00ed como una de las canciones m\u00e1s populares en franc\u00e9s, y una canci\u00f3n b\u00e1sica de la lengua francesa. Tambi\u00e9n se han grabado versiones en italiano, en espa\u00f1ol, en ingl\u00e9s y en alem\u00e1n, as\u00ed como una rara grabaci\u00f3n en portugu\u00e9s. La ejecutaba pr\u00e1cticamente en todos sus conciertos.<br \/>\nm\u00ed&#8221;.<\/p>\n<p>&nbsp;<\/p>\n<p>&nbsp;<\/p>","protected":false},"excerpt":{"rendered":"<h3>Demo:<\/h3>\n<div class=\"wp-playlist wp-audio-playlist wp-playlist-light\">\n<div class=\"wp-playlist-current-item\"><\/div>\n<p>\t\t<audio controls=\"controls\" preload=\"none\" width=\"1378\"\n\t\t\t><\/audio><\/p>\n<div class=\"wp-playlist-next\"><\/div>\n<div class=\"wp-playlist-prev\"><\/div>\n<p>\t<noscript><\/p>\n<ol>\n<li><a href='https:\/\/backingtracksmusic.com\/wp-content\/uploads\/2023\/01\/La-boheme-Cm-play-flute-reference-DEMO.mp3'>La boheme Cm play + flute reference DEMO<\/a><\/li>\n<li><a href='https:\/\/backingtracksmusic.com\/wp-content\/uploads\/2023\/01\/La-boheme-Cm-play-DEMO.mp3'>La boheme Cm play DEMO<\/a><\/li>\n<\/ol>\n<p>\t<\/noscript><br \/>\n\t<script type=\"application\/json\" class=\"wp-playlist-script\">{\"type\":\"audio\",\"tracklist\":true,\"tracknumbers\":true,\"images\":false,\"artists\":false,\"tracks\":[{\"src\":\"https:\/\/backingtracksmusic.com\/wp-content\/uploads\/2023\/01\/La-boheme-Cm-play-flute-reference-DEMO.mp3\",\"type\":\"audio\/mpeg\",\"title\":\"La boheme Cm play + flute reference DEMO\",\"caption\":\"\",\"description\":\"\\\"La boheme Cm play + flute reference DEMO\\\". G\\u00e9nero: Otro.\",\"meta\":{\"genre\":\"Otro\",\"length_formatted\":\"0:54\"},\"image\":{\"src\":\"https:\/\/backingtracksmusic.com\/wp-includes\/images\/media\/audio.svg\",\"width\":48,\"height\":64},\"thumb\":{\"src\":\"https:\/\/backingtracksmusic.com\/wp-includes\/images\/media\/audio.svg\",\"width\":48,\"height\":64}},{\"src\":\"https:\/\/backingtracksmusic.com\/wp-content\/uploads\/2023\/01\/La-boheme-Cm-play-DEMO.mp3\",\"type\":\"audio\/mpeg\",\"title\":\"La boheme Cm play DEMO\",\"caption\":\"\",\"description\":\"\\\"La boheme Cm play DEMO\\\". G\\u00e9nero: Otro.\",\"meta\":{\"genre\":\"Otro\",\"length_formatted\":\"1:16\"},\"image\":{\"src\":\"https:\/\/backingtracksmusic.com\/wp-includes\/images\/media\/audio.svg\",\"width\":48,\"height\":64},\"thumb\":{\"src\":\"https:\/\/backingtracksmusic.com\/wp-includes\/images\/media\/audio.svg\",\"width\":48,\"height\":64}}]}<\/script>\n<\/div>","protected":false},"featured_media":5201,"template":"","meta":{"_acf_changed":false},"product_brand":[],"product_cat":[97,99],"product_tag":[261],"class_list":{"0":"post-5200","1":"product","2":"type-product","3":"status-publish","4":"has-post-thumbnail","6":"product_cat-13-love-songs","7":"product_cat-15-oldes","8":"product_tag-charles-aznavour","10":"first","11":"instock","12":"virtual","13":"purchasable","14":"product-type-simple"},"acf":[],"_links":{"self":[{"href":"https:\/\/backingtracksmusic.com\/en\/wp-json\/wp\/v2\/product\/5200","targetHints":{"allow":["GET"]}}],"collection":[{"href":"https:\/\/backingtracksmusic.com\/en\/wp-json\/wp\/v2\/product"}],"about":[{"href":"https:\/\/backingtracksmusic.com\/en\/wp-json\/wp\/v2\/types\/product"}],"wp:featuredmedia":[{"embeddable":true,"href":"https:\/\/backingtracksmusic.com\/en\/wp-json\/wp\/v2\/media\/5201"}],"wp:attachment":[{"href":"https:\/\/backingtracksmusic.com\/en\/wp-json\/wp\/v2\/media?parent=5200"}],"wp:term":[{"taxonomy":"product_brand","embeddable":true,"href":"https:\/\/backingtracksmusic.com\/en\/wp-json\/wp\/v2\/product_brand?post=5200"},{"taxonomy":"product_cat","embeddable":true,"href":"https:\/\/backingtracksmusic.com\/en\/wp-json\/wp\/v2\/product_cat?post=5200"},{"taxonomy":"product_tag","embeddable":true,"href":"https:\/\/backingtracksmusic.com\/en\/wp-json\/wp\/v2\/product_tag?post=5200"}],"curies":[{"name":"wp","href":"https:\/\/api.w.org\/{rel}","templated":true}]}}