{"id":5160,"date":"2022-12-27T08:45:22","date_gmt":"2022-12-27T11:45:22","guid":{"rendered":"https:\/\/backingtracksmusic.com\/?post_type=product&#038;p=5160"},"modified":"2022-12-27T08:48:28","modified_gmt":"2022-12-27T11:48:28","slug":"solamente-una-vez","status":"publish","type":"product","link":"https:\/\/backingtracksmusic.com\/en\/product\/solamente-una-vez\/","title":{"rendered":"Solamente una vez"},"content":{"rendered":"<h3>Information:<\/h3>\n<p>\u00abSolamente una vez\u00bb , es un bolero del cantautor mexicano Agust\u00edn Lara. Lo estren\u00f3 la cantante mexicana Ana Mar\u00eda Gonz\u00e1lez en Argentina en 1941.\u200b La cantante mexicana Dora Luz lo cant\u00f3 en ingl\u00e9s en la pel\u00edcula de Walt Disney Los tres caballeros (1944).<\/p>\n<p>&nbsp;<\/p>\n<p>&nbsp;<\/p>","protected":false},"excerpt":{"rendered":"<h3>Demo:<\/h3>\n<div class=\"wp-playlist wp-audio-playlist wp-playlist-light\">\n<div class=\"wp-playlist-current-item\"><\/div>\n<p>\t\t<audio controls=\"controls\" preload=\"none\" width=\"1378\"\n\t\t\t><\/audio><\/p>\n<div class=\"wp-playlist-next\"><\/div>\n<div class=\"wp-playlist-prev\"><\/div>\n<p>\t<noscript><\/p>\n<ol>\n<li><a href='https:\/\/backingtracksmusic.com\/wp-content\/uploads\/2022\/12\/Solamente-una-vez-C-play-reference-trumpet-DEMO.mp3'>Solamente una vez C play + reference trumpet DEMO<\/a><\/li>\n<li><a href='https:\/\/backingtracksmusic.com\/wp-content\/uploads\/2022\/12\/Solamente-una-vez-C-play-DEMO.mp3'>Solamente una vez C play DEMO<\/a><\/li>\n<\/ol>\n<p>\t<\/noscript><br \/>\n\t<script type=\"application\/json\" class=\"wp-playlist-script\">{\"type\":\"audio\",\"tracklist\":true,\"tracknumbers\":true,\"images\":false,\"artists\":false,\"tracks\":[{\"src\":\"https:\/\/backingtracksmusic.com\/wp-content\/uploads\/2022\/12\/Solamente-una-vez-C-play-reference-trumpet-DEMO.mp3\",\"type\":\"audio\/mpeg\",\"title\":\"Solamente una vez C play + reference trumpet DEMO\",\"caption\":\"\",\"description\":\"\\\"Solamente una vez C play + reference trumpet DEMO\\\". G\\u00e9nero: Otro.\",\"meta\":{\"genre\":\"Otro\",\"length_formatted\":\"1:14\"},\"image\":{\"src\":\"https:\/\/backingtracksmusic.com\/wp-includes\/images\/media\/audio.svg\",\"width\":48,\"height\":64},\"thumb\":{\"src\":\"https:\/\/backingtracksmusic.com\/wp-includes\/images\/media\/audio.svg\",\"width\":48,\"height\":64}},{\"src\":\"https:\/\/backingtracksmusic.com\/wp-content\/uploads\/2022\/12\/Solamente-una-vez-C-play-DEMO.mp3\",\"type\":\"audio\/mpeg\",\"title\":\"Solamente una vez C play DEMO\",\"caption\":\"\",\"description\":\"\\\"Solamente una vez C play DEMO\\\". G\\u00e9nero: Otro.\",\"meta\":{\"genre\":\"Otro\",\"length_formatted\":\"0:51\"},\"image\":{\"src\":\"https:\/\/backingtracksmusic.com\/wp-includes\/images\/media\/audio.svg\",\"width\":48,\"height\":64},\"thumb\":{\"src\":\"https:\/\/backingtracksmusic.com\/wp-includes\/images\/media\/audio.svg\",\"width\":48,\"height\":64}}]}<\/script>\n<\/div>","protected":false},"featured_media":5161,"template":"","meta":{"_acf_changed":false},"product_brand":[],"product_cat":[88],"product_tag":[356],"class_list":{"0":"post-5160","1":"product","2":"type-product","3":"status-publish","4":"has-post-thumbnail","6":"product_cat-03-boleros","7":"product_tag-agustin-lara","9":"first","10":"instock","11":"virtual","12":"purchasable","13":"product-type-simple"},"acf":[],"_links":{"self":[{"href":"https:\/\/backingtracksmusic.com\/en\/wp-json\/wp\/v2\/product\/5160","targetHints":{"allow":["GET"]}}],"collection":[{"href":"https:\/\/backingtracksmusic.com\/en\/wp-json\/wp\/v2\/product"}],"about":[{"href":"https:\/\/backingtracksmusic.com\/en\/wp-json\/wp\/v2\/types\/product"}],"wp:featuredmedia":[{"embeddable":true,"href":"https:\/\/backingtracksmusic.com\/en\/wp-json\/wp\/v2\/media\/5161"}],"wp:attachment":[{"href":"https:\/\/backingtracksmusic.com\/en\/wp-json\/wp\/v2\/media?parent=5160"}],"wp:term":[{"taxonomy":"product_brand","embeddable":true,"href":"https:\/\/backingtracksmusic.com\/en\/wp-json\/wp\/v2\/product_brand?post=5160"},{"taxonomy":"product_cat","embeddable":true,"href":"https:\/\/backingtracksmusic.com\/en\/wp-json\/wp\/v2\/product_cat?post=5160"},{"taxonomy":"product_tag","embeddable":true,"href":"https:\/\/backingtracksmusic.com\/en\/wp-json\/wp\/v2\/product_tag?post=5160"}],"curies":[{"name":"wp","href":"https:\/\/api.w.org\/{rel}","templated":true}]}}