{"id":5135,"date":"2022-12-17T14:28:22","date_gmt":"2022-12-17T17:28:22","guid":{"rendered":"https:\/\/backingtracksmusic.com\/?post_type=product&#038;p=5135"},"modified":"2022-12-17T14:32:38","modified_gmt":"2022-12-17T17:32:38","slug":"adeste-fideles","status":"publish","type":"product","link":"https:\/\/backingtracksmusic.com\/en\/product\/adeste-fideles\/","title":{"rendered":"Adeste fideles"},"content":{"rendered":"<h3>Information:<\/h3>\n<p>\u00abAdeste fideles\u00bb (en espa\u00f1ol, \u00abVenid fieles\u00bb),es un himno con texto latino usado en la bendici\u00f3n durante la Navidad desde fines del siglo XVIII.<br \/>\nAunque hay dudas sobre la autor\u00eda, la historiograf\u00eda anglosajona data su composici\u00f3n hacia 1743 por John Francis Wade.<\/p>\n<p>&nbsp;<\/p>\n<p>&nbsp;<\/p>","protected":false},"excerpt":{"rendered":"<h3>Demo:<\/h3>\n<div class=\"wp-playlist wp-audio-playlist wp-playlist-light\">\n<div class=\"wp-playlist-current-item\"><\/div>\n<p>\t\t<audio controls=\"controls\" preload=\"none\" width=\"1378\"\n\t\t\t><\/audio><\/p>\n<div class=\"wp-playlist-next\"><\/div>\n<div class=\"wp-playlist-prev\"><\/div>\n<p>\t<noscript><\/p>\n<ol>\n<li><a href='https:\/\/backingtracksmusic.com\/wp-content\/uploads\/2022\/12\/Adestes-fideles-play-flute-refe-demo.mp3'>Adestes fideles play + flute refe demo<\/a><\/li>\n<li><a href='https:\/\/backingtracksmusic.com\/wp-content\/uploads\/2022\/12\/Adestes-fideles-play-DEMO.mp3'>Adestes fideles play DEMO<\/a><\/li>\n<\/ol>\n<p>\t<\/noscript><br \/>\n\t<script type=\"application\/json\" class=\"wp-playlist-script\">{\"type\":\"audio\",\"tracklist\":true,\"tracknumbers\":true,\"images\":false,\"artists\":false,\"tracks\":[{\"src\":\"https:\/\/backingtracksmusic.com\/wp-content\/uploads\/2022\/12\/Adestes-fideles-play-flute-refe-demo.mp3\",\"type\":\"audio\/mpeg\",\"title\":\"Adestes fideles play + flute refe demo\",\"caption\":\"\",\"description\":\"\\\"Adestes fideles play + flute refe demo\\\". G\\u00e9nero: Otro.\",\"meta\":{\"genre\":\"Otro\",\"length_formatted\":\"0:54\"},\"image\":{\"src\":\"https:\/\/backingtracksmusic.com\/wp-includes\/images\/media\/audio.svg\",\"width\":48,\"height\":64},\"thumb\":{\"src\":\"https:\/\/backingtracksmusic.com\/wp-includes\/images\/media\/audio.svg\",\"width\":48,\"height\":64}},{\"src\":\"https:\/\/backingtracksmusic.com\/wp-content\/uploads\/2022\/12\/Adestes-fideles-play-DEMO.mp3\",\"type\":\"audio\/mpeg\",\"title\":\"Adestes fideles play DEMO\",\"caption\":\"\",\"description\":\"\\\"Adestes fideles play DEMO\\\". G\\u00e9nero: Otro.\",\"meta\":{\"genre\":\"Otro\",\"length_formatted\":\"0:53\"},\"image\":{\"src\":\"https:\/\/backingtracksmusic.com\/wp-includes\/images\/media\/audio.svg\",\"width\":48,\"height\":64},\"thumb\":{\"src\":\"https:\/\/backingtracksmusic.com\/wp-includes\/images\/media\/audio.svg\",\"width\":48,\"height\":64}}]}<\/script>\n<\/div>","protected":false},"featured_media":5136,"template":"","meta":{"_acf_changed":false},"product_brand":[],"product_cat":[102],"product_tag":[352],"class_list":{"0":"post-5135","1":"product","2":"type-product","3":"status-publish","4":"has-post-thumbnail","6":"product_cat-17-christmas-songs","7":"product_tag-john-francis-wade","9":"first","10":"instock","11":"virtual","12":"purchasable","13":"product-type-simple"},"acf":[],"_links":{"self":[{"href":"https:\/\/backingtracksmusic.com\/en\/wp-json\/wp\/v2\/product\/5135","targetHints":{"allow":["GET"]}}],"collection":[{"href":"https:\/\/backingtracksmusic.com\/en\/wp-json\/wp\/v2\/product"}],"about":[{"href":"https:\/\/backingtracksmusic.com\/en\/wp-json\/wp\/v2\/types\/product"}],"wp:featuredmedia":[{"embeddable":true,"href":"https:\/\/backingtracksmusic.com\/en\/wp-json\/wp\/v2\/media\/5136"}],"wp:attachment":[{"href":"https:\/\/backingtracksmusic.com\/en\/wp-json\/wp\/v2\/media?parent=5135"}],"wp:term":[{"taxonomy":"product_brand","embeddable":true,"href":"https:\/\/backingtracksmusic.com\/en\/wp-json\/wp\/v2\/product_brand?post=5135"},{"taxonomy":"product_cat","embeddable":true,"href":"https:\/\/backingtracksmusic.com\/en\/wp-json\/wp\/v2\/product_cat?post=5135"},{"taxonomy":"product_tag","embeddable":true,"href":"https:\/\/backingtracksmusic.com\/en\/wp-json\/wp\/v2\/product_tag?post=5135"}],"curies":[{"name":"wp","href":"https:\/\/api.w.org\/{rel}","templated":true}]}}