{"id":5118,"date":"2022-12-09T12:35:58","date_gmt":"2022-12-09T15:35:58","guid":{"rendered":"https:\/\/backingtracksmusic.com\/?post_type=product&#038;p=5118"},"modified":"2022-12-09T12:38:08","modified_gmt":"2022-12-09T15:38:08","slug":"the-christmas-song","status":"publish","type":"product","link":"https:\/\/backingtracksmusic.com\/en\/product\/the-christmas-song\/","title":{"rendered":"The christmas song"},"content":{"rendered":"<h3>Information:<\/h3>\n<p>The Christmas Song (con su subt\u00edtulo &#8220;Chestnuts Roasting on an Open Fire&#8221;, aunque se subtitul\u00f3 originalmente como &#8220;Merry Christmas To You&#8221;) es una canci\u00f3n cl\u00e1sica de Navidad escrita en 1944 por el m\u00fasico, compositor y vocalista Mel Torm\u00e9 (&#8220;The Velvet Fog&#8221;) y Bob Wells.<\/p>\n<p>&nbsp;<\/p>\n<p>&nbsp;<\/p>","protected":false},"excerpt":{"rendered":"<h3>Demo:<\/h3>\n<div class=\"wp-playlist wp-audio-playlist wp-playlist-light\">\n<div class=\"wp-playlist-current-item\"><\/div>\n<p>\t\t<audio controls=\"controls\" preload=\"none\" width=\"1378\"\n\t\t\t><\/audio><\/p>\n<div class=\"wp-playlist-next\"><\/div>\n<div class=\"wp-playlist-prev\"><\/div>\n<p>\t<noscript><\/p>\n<ol>\n<li><a href='https:\/\/backingtracksmusic.com\/wp-content\/uploads\/2022\/12\/The-Christmas-song-play-refe-DEMO.mp3'>The Christmas song play + refe DEMO<\/a><\/li>\n<li><a href='https:\/\/backingtracksmusic.com\/wp-content\/uploads\/2022\/12\/The-christmas-song-play-DEMO.mp3'>The christmas song play DEMO<\/a><\/li>\n<\/ol>\n<p>\t<\/noscript><br \/>\n\t<script type=\"application\/json\" class=\"wp-playlist-script\">{\"type\":\"audio\",\"tracklist\":true,\"tracknumbers\":true,\"images\":false,\"artists\":false,\"tracks\":[{\"src\":\"https:\/\/backingtracksmusic.com\/wp-content\/uploads\/2022\/12\/The-Christmas-song-play-refe-DEMO.mp3\",\"type\":\"audio\/mpeg\",\"title\":\"The Christmas song play + refe DEMO\",\"caption\":\"\",\"description\":\"\\\"The Christmas song play + refe DEMO\\\". G\\u00e9nero: Otro.\",\"meta\":{\"genre\":\"Otro\",\"length_formatted\":\"1:57\"},\"image\":{\"src\":\"https:\/\/backingtracksmusic.com\/wp-includes\/images\/media\/audio.svg\",\"width\":48,\"height\":64},\"thumb\":{\"src\":\"https:\/\/backingtracksmusic.com\/wp-includes\/images\/media\/audio.svg\",\"width\":48,\"height\":64}},{\"src\":\"https:\/\/backingtracksmusic.com\/wp-content\/uploads\/2022\/12\/The-christmas-song-play-DEMO.mp3\",\"type\":\"audio\/mpeg\",\"title\":\"The christmas song play DEMO\",\"caption\":\"\",\"description\":\"\\\"The christmas song play DEMO\\\". G\\u00e9nero: Otro.\",\"meta\":{\"genre\":\"Otro\",\"length_formatted\":\"1:38\"},\"image\":{\"src\":\"https:\/\/backingtracksmusic.com\/wp-includes\/images\/media\/audio.svg\",\"width\":48,\"height\":64},\"thumb\":{\"src\":\"https:\/\/backingtracksmusic.com\/wp-includes\/images\/media\/audio.svg\",\"width\":48,\"height\":64}}]}<\/script>\n<\/div>","protected":false},"featured_media":5119,"template":"","meta":{"_acf_changed":false},"product_brand":[],"product_cat":[102],"product_tag":[348,347],"class_list":{"0":"post-5118","1":"product","2":"type-product","3":"status-publish","4":"has-post-thumbnail","6":"product_cat-17-christmas-songs","7":"product_tag-bob-wells","8":"product_tag-mel-torme","10":"first","11":"instock","12":"virtual","13":"purchasable","14":"product-type-simple"},"acf":[],"_links":{"self":[{"href":"https:\/\/backingtracksmusic.com\/en\/wp-json\/wp\/v2\/product\/5118","targetHints":{"allow":["GET"]}}],"collection":[{"href":"https:\/\/backingtracksmusic.com\/en\/wp-json\/wp\/v2\/product"}],"about":[{"href":"https:\/\/backingtracksmusic.com\/en\/wp-json\/wp\/v2\/types\/product"}],"wp:featuredmedia":[{"embeddable":true,"href":"https:\/\/backingtracksmusic.com\/en\/wp-json\/wp\/v2\/media\/5119"}],"wp:attachment":[{"href":"https:\/\/backingtracksmusic.com\/en\/wp-json\/wp\/v2\/media?parent=5118"}],"wp:term":[{"taxonomy":"product_brand","embeddable":true,"href":"https:\/\/backingtracksmusic.com\/en\/wp-json\/wp\/v2\/product_brand?post=5118"},{"taxonomy":"product_cat","embeddable":true,"href":"https:\/\/backingtracksmusic.com\/en\/wp-json\/wp\/v2\/product_cat?post=5118"},{"taxonomy":"product_tag","embeddable":true,"href":"https:\/\/backingtracksmusic.com\/en\/wp-json\/wp\/v2\/product_tag?post=5118"}],"curies":[{"name":"wp","href":"https:\/\/api.w.org\/{rel}","templated":true}]}}