{"id":5104,"date":"2022-11-29T14:16:11","date_gmt":"2022-11-29T17:16:11","guid":{"rendered":"https:\/\/backingtracksmusic.com\/?post_type=product&#038;p=5104"},"modified":"2022-11-29T14:17:40","modified_gmt":"2022-11-29T17:17:40","slug":"poeme-secret-garden","status":"publish","type":"product","link":"https:\/\/backingtracksmusic.com\/en\/product\/poeme-secret-garden\/","title":{"rendered":"Poeme (secret Garden)"},"content":{"rendered":"<h3>Information:<\/h3>\n<p><b>Secret Garden<\/b>\u00a0es un\u00a0<a title=\"D\u00fao\" href=\"https:\/\/es.wikipedia.org\/wiki\/D%C3%BAo\">d\u00fao<\/a>\u00a0<a title=\"Irlanda\" href=\"https:\/\/es.wikipedia.org\/wiki\/Irlanda\">irland\u00e9s<\/a>&#8211;<a title=\"Noruega\" href=\"https:\/\/es.wikipedia.org\/wiki\/Noruega\">noruego<\/a>\u00a0formado por la violinista Fionnuala Sherry y el m\u00fasico Rolf L\u00f8vland. Se caracterizan por hacer m\u00fasica instrumental, folk y\u00a0<a class=\"mw-redirect\" title=\"New age (g\u00e9nero musical)\" href=\"https:\/\/es.wikipedia.org\/wiki\/New_age_(g%C3%A9nero_musical)\">new age<\/a>.<\/p>\n<p>&nbsp;<\/p>","protected":false},"excerpt":{"rendered":"<h3>Demo:<\/h3>\n<div class=\"wp-playlist wp-audio-playlist wp-playlist-light\">\n<div class=\"wp-playlist-current-item\"><\/div>\n<p>\t\t<audio controls=\"controls\" preload=\"none\" width=\"1378\"\n\t\t\t><\/audio><\/p>\n<div class=\"wp-playlist-next\"><\/div>\n<div class=\"wp-playlist-prev\"><\/div>\n<p>\t<noscript><\/p>\n<ol>\n<li><a href='https:\/\/backingtracksmusic.com\/wp-content\/uploads\/2022\/11\/Poeme-secret-garden-original-cover-full-DEMO.mp3'>Poeme (secret garden original) cover full DEMO<\/a><\/li>\n<li><a href='https:\/\/backingtracksmusic.com\/wp-content\/uploads\/2022\/11\/Poeme-secret-garden-original-cover-full-reference-DEMO.mp3'>Poeme (secret garden original) cover full + reference DEMO<\/a><\/li>\n<\/ol>\n<p>\t<\/noscript><br \/>\n\t<script type=\"application\/json\" class=\"wp-playlist-script\">{\"type\":\"audio\",\"tracklist\":true,\"tracknumbers\":true,\"images\":false,\"artists\":false,\"tracks\":[{\"src\":\"https:\/\/backingtracksmusic.com\/wp-content\/uploads\/2022\/11\/Poeme-secret-garden-original-cover-full-DEMO.mp3\",\"type\":\"audio\/mpeg\",\"title\":\"Poeme (secret garden original) cover full DEMO\",\"caption\":\"\",\"description\":\"\\\"Poeme (secret garden original) cover full DEMO\\\". G\\u00e9nero: Otro.\",\"meta\":{\"genre\":\"Otro\",\"length_formatted\":\"1:56\"},\"image\":{\"src\":\"https:\/\/backingtracksmusic.com\/wp-includes\/images\/media\/audio.svg\",\"width\":48,\"height\":64},\"thumb\":{\"src\":\"https:\/\/backingtracksmusic.com\/wp-includes\/images\/media\/audio.svg\",\"width\":48,\"height\":64}},{\"src\":\"https:\/\/backingtracksmusic.com\/wp-content\/uploads\/2022\/11\/Poeme-secret-garden-original-cover-full-reference-DEMO.mp3\",\"type\":\"audio\/mpeg\",\"title\":\"Poeme (secret garden original) cover full + reference DEMO\",\"caption\":\"\",\"description\":\"\\\"Poeme (secret garden original) cover full + reference DEMO\\\". G\\u00e9nero: Otro.\",\"meta\":{\"genre\":\"Otro\",\"length_formatted\":\"1:43\"},\"image\":{\"src\":\"https:\/\/backingtracksmusic.com\/wp-includes\/images\/media\/audio.svg\",\"width\":48,\"height\":64},\"thumb\":{\"src\":\"https:\/\/backingtracksmusic.com\/wp-includes\/images\/media\/audio.svg\",\"width\":48,\"height\":64}}]}<\/script>\n<\/div>","protected":false},"featured_media":5105,"template":"","meta":{"_acf_changed":false},"product_brand":[],"product_cat":[103],"product_tag":[167],"class_list":{"0":"post-5104","1":"product","2":"type-product","3":"status-publish","4":"has-post-thumbnail","6":"product_cat-10-tv-movies","7":"product_tag-rolf-lovland","9":"first","10":"instock","11":"virtual","12":"purchasable","13":"product-type-simple"},"acf":[],"_links":{"self":[{"href":"https:\/\/backingtracksmusic.com\/en\/wp-json\/wp\/v2\/product\/5104","targetHints":{"allow":["GET"]}}],"collection":[{"href":"https:\/\/backingtracksmusic.com\/en\/wp-json\/wp\/v2\/product"}],"about":[{"href":"https:\/\/backingtracksmusic.com\/en\/wp-json\/wp\/v2\/types\/product"}],"wp:featuredmedia":[{"embeddable":true,"href":"https:\/\/backingtracksmusic.com\/en\/wp-json\/wp\/v2\/media\/5105"}],"wp:attachment":[{"href":"https:\/\/backingtracksmusic.com\/en\/wp-json\/wp\/v2\/media?parent=5104"}],"wp:term":[{"taxonomy":"product_brand","embeddable":true,"href":"https:\/\/backingtracksmusic.com\/en\/wp-json\/wp\/v2\/product_brand?post=5104"},{"taxonomy":"product_cat","embeddable":true,"href":"https:\/\/backingtracksmusic.com\/en\/wp-json\/wp\/v2\/product_cat?post=5104"},{"taxonomy":"product_tag","embeddable":true,"href":"https:\/\/backingtracksmusic.com\/en\/wp-json\/wp\/v2\/product_tag?post=5104"}],"curies":[{"name":"wp","href":"https:\/\/api.w.org\/{rel}","templated":true}]}}