{"id":5005,"date":"2022-06-06T10:01:50","date_gmt":"2022-06-06T13:01:50","guid":{"rendered":"https:\/\/backingtracksmusic.com\/?post_type=product&#038;p=5005"},"modified":"2022-06-06T10:08:07","modified_gmt":"2022-06-06T13:08:07","slug":"rodriguez-pena","status":"publish","type":"product","link":"https:\/\/backingtracksmusic.com\/en\/product\/rodriguez-pena\/","title":{"rendered":"Rodriguez pe\u00f1a"},"content":{"rendered":"<h3>Information:<\/h3>\n<p>Rodr\u00edguez Pe\u00f1a es un tango cuya m\u00fasica es de Vicente Greco, que fue estrenado por este con su orquesta en 1911 cuando actuaba en el Sal\u00f3n Rodr\u00edguez Pe\u00f1a. Las letras fueron posteriores, una de Juan Velich, otra de su hijo Juan Velich y Ralph y una tercera de Juli\u00e1n Porte\u00f1o, pero no tuvieron difusi\u00f3n y el tango generalmente se ejecuta en versi\u00f3n instrumental.<\/p>\n<p>&nbsp;<\/p>\n<p>&nbsp;<\/p>","protected":false},"excerpt":{"rendered":"<h3>Demo:<\/h3>\n<div class=\"wp-playlist wp-audio-playlist wp-playlist-light\">\n<div class=\"wp-playlist-current-item\"><\/div>\n<p>\t\t<audio controls=\"controls\" preload=\"none\" width=\"1378\"\n\t\t\t><\/audio><\/p>\n<div class=\"wp-playlist-next\"><\/div>\n<div class=\"wp-playlist-prev\"><\/div>\n<p>\t<noscript><\/p>\n<ol>\n<li><a href='https:\/\/backingtracksmusic.com\/wp-content\/uploads\/2022\/06\/Rodriguez-pena-A-play-DEMO.mp3'>Rodriguez pe\u00f1a A play DEMO<\/a><\/li>\n<li><a href='https:\/\/backingtracksmusic.com\/wp-content\/uploads\/2022\/06\/Rodriguez-pena-A-play-flute-reference-DEMO.mp3'>Rodriguez pe\u00f1a A play + flute reference DEMO<\/a><\/li>\n<\/ol>\n<p>\t<\/noscript><br \/>\n\t<script type=\"application\/json\" class=\"wp-playlist-script\">{\"type\":\"audio\",\"tracklist\":true,\"tracknumbers\":true,\"images\":false,\"artists\":false,\"tracks\":[{\"src\":\"https:\/\/backingtracksmusic.com\/wp-content\/uploads\/2022\/06\/Rodriguez-pena-A-play-DEMO.mp3\",\"type\":\"audio\/mpeg\",\"title\":\"Rodriguez pe\\u00f1a A play DEMO\",\"caption\":\"\",\"description\":\"\\\"Rodriguez pe\\u00f1a A play DEMO\\\". G\\u00e9nero: Otro.\",\"meta\":{\"genre\":\"Otro\",\"length_formatted\":\"1:20\"},\"image\":{\"src\":\"https:\/\/backingtracksmusic.com\/wp-includes\/images\/media\/audio.svg\",\"width\":48,\"height\":64},\"thumb\":{\"src\":\"https:\/\/backingtracksmusic.com\/wp-includes\/images\/media\/audio.svg\",\"width\":48,\"height\":64}},{\"src\":\"https:\/\/backingtracksmusic.com\/wp-content\/uploads\/2022\/06\/Rodriguez-pena-A-play-flute-reference-DEMO.mp3\",\"type\":\"audio\/mpeg\",\"title\":\"Rodriguez pe\\u00f1a A play + flute reference DEMO\",\"caption\":\"\",\"description\":\"\\\"Rodriguez pe\\u00f1a A play + flute reference DEMO\\\". G\\u00e9nero: Otro.\",\"meta\":{\"genre\":\"Otro\",\"length_formatted\":\"1:05\"},\"image\":{\"src\":\"https:\/\/backingtracksmusic.com\/wp-includes\/images\/media\/audio.svg\",\"width\":48,\"height\":64},\"thumb\":{\"src\":\"https:\/\/backingtracksmusic.com\/wp-includes\/images\/media\/audio.svg\",\"width\":48,\"height\":64}}]}<\/script>\n<\/div>","protected":false},"featured_media":5006,"template":"","meta":{"_acf_changed":false},"product_brand":[],"product_cat":[86],"product_tag":[335],"class_list":{"0":"post-5005","1":"product","2":"type-product","3":"status-publish","4":"has-post-thumbnail","6":"product_cat-01-tango","7":"product_tag-vicente-greco","9":"first","10":"instock","11":"virtual","12":"purchasable","13":"product-type-simple"},"acf":[],"_links":{"self":[{"href":"https:\/\/backingtracksmusic.com\/en\/wp-json\/wp\/v2\/product\/5005","targetHints":{"allow":["GET"]}}],"collection":[{"href":"https:\/\/backingtracksmusic.com\/en\/wp-json\/wp\/v2\/product"}],"about":[{"href":"https:\/\/backingtracksmusic.com\/en\/wp-json\/wp\/v2\/types\/product"}],"wp:featuredmedia":[{"embeddable":true,"href":"https:\/\/backingtracksmusic.com\/en\/wp-json\/wp\/v2\/media\/5006"}],"wp:attachment":[{"href":"https:\/\/backingtracksmusic.com\/en\/wp-json\/wp\/v2\/media?parent=5005"}],"wp:term":[{"taxonomy":"product_brand","embeddable":true,"href":"https:\/\/backingtracksmusic.com\/en\/wp-json\/wp\/v2\/product_brand?post=5005"},{"taxonomy":"product_cat","embeddable":true,"href":"https:\/\/backingtracksmusic.com\/en\/wp-json\/wp\/v2\/product_cat?post=5005"},{"taxonomy":"product_tag","embeddable":true,"href":"https:\/\/backingtracksmusic.com\/en\/wp-json\/wp\/v2\/product_tag?post=5005"}],"curies":[{"name":"wp","href":"https:\/\/api.w.org\/{rel}","templated":true}]}}