{"id":4907,"date":"2022-03-29T18:58:22","date_gmt":"2022-03-29T21:58:22","guid":{"rendered":"https:\/\/backingtracksmusic.com\/?post_type=product&#038;p=4907"},"modified":"2022-03-29T19:07:01","modified_gmt":"2022-03-29T22:07:01","slug":"we-dont-talk-about-bruno-encanto-disney","status":"publish","type":"product","link":"https:\/\/backingtracksmusic.com\/en\/product\/we-dont-talk-about-bruno-encanto-disney\/","title":{"rendered":"We Don&#8217;t Talk About Bruno (Encanto &#8211; Disney)"},"content":{"rendered":"<h3>Information:<\/h3>\n<p>\u00abWe Don&#8217;t Talk About Bruno\u00bb \u2014en Hispanoam\u00e9rica titulada en su propia versi\u00f3n como \u00abNo se habla de Bruno\u00bb\u2014 es una canci\u00f3n de la pel\u00edcula animada Encanto de Disney de 2021, con m\u00fasica y letra escrita por Lin-Manuel Miranda. Fue lanzado por Walt Disney Records como parte de la banda sonora de la pel\u00edcula el 19 de noviembre de 2021.<\/p>","protected":false},"excerpt":{"rendered":"<h3>Demo:<\/h3>\n<div class=\"wp-playlist wp-audio-playlist wp-playlist-light\">\n<div class=\"wp-playlist-current-item\"><\/div>\n<p>\t\t<audio controls=\"controls\" preload=\"none\" width=\"1378\"\n\t\t\t><\/audio><\/p>\n<div class=\"wp-playlist-next\"><\/div>\n<div class=\"wp-playlist-prev\"><\/div>\n<p>\t<noscript><\/p>\n<ol>\n<li><a href='https:\/\/backingtracksmusic.com\/wp-content\/uploads\/2022\/03\/Encanto-Cm-piano-play-flute-reference-DEMO.mp3'>Encanto Cm piano play + flute reference DEMO<\/a><\/li>\n<li><a href='https:\/\/backingtracksmusic.com\/wp-content\/uploads\/2022\/03\/Encanto-Cm-piano-play-DEMO.mp3'>Encanto Cm piano play DEMO<\/a><\/li>\n<\/ol>\n<p>\t<\/noscript><br \/>\n\t<script type=\"application\/json\" class=\"wp-playlist-script\">{\"type\":\"audio\",\"tracklist\":true,\"tracknumbers\":true,\"images\":false,\"artists\":false,\"tracks\":[{\"src\":\"https:\/\/backingtracksmusic.com\/wp-content\/uploads\/2022\/03\/Encanto-Cm-piano-play-flute-reference-DEMO.mp3\",\"type\":\"audio\/mpeg\",\"title\":\"Encanto Cm piano play + flute reference DEMO\",\"caption\":\"\",\"description\":\"\\\"Encanto Cm piano play + flute reference DEMO\\\". G\\u00e9nero: Other.\",\"meta\":{\"genre\":\"Other\",\"length_formatted\":\"1:41\"},\"image\":{\"src\":\"https:\/\/backingtracksmusic.com\/wp-includes\/images\/media\/audio.svg\",\"width\":48,\"height\":64},\"thumb\":{\"src\":\"https:\/\/backingtracksmusic.com\/wp-includes\/images\/media\/audio.svg\",\"width\":48,\"height\":64}},{\"src\":\"https:\/\/backingtracksmusic.com\/wp-content\/uploads\/2022\/03\/Encanto-Cm-piano-play-DEMO.mp3\",\"type\":\"audio\/mpeg\",\"title\":\"Encanto Cm piano play DEMO\",\"caption\":\"\",\"description\":\"\\\"Encanto Cm piano play DEMO\\\". G\\u00e9nero: Other.\",\"meta\":{\"genre\":\"Other\",\"length_formatted\":\"1:36\"},\"image\":{\"src\":\"https:\/\/backingtracksmusic.com\/wp-includes\/images\/media\/audio.svg\",\"width\":48,\"height\":64},\"thumb\":{\"src\":\"https:\/\/backingtracksmusic.com\/wp-includes\/images\/media\/audio.svg\",\"width\":48,\"height\":64}}]}<\/script>\n<\/div>","protected":false},"featured_media":4910,"template":"","meta":{"_acf_changed":false},"product_brand":[],"product_cat":[90],"product_tag":[330],"class_list":{"0":"post-4907","1":"product","2":"type-product","3":"status-publish","4":"has-post-thumbnail","6":"product_cat-05-disney","7":"product_tag-lin-manuel-miranda","9":"first","10":"instock","11":"virtual","12":"purchasable","13":"product-type-simple"},"acf":[],"_links":{"self":[{"href":"https:\/\/backingtracksmusic.com\/en\/wp-json\/wp\/v2\/product\/4907","targetHints":{"allow":["GET"]}}],"collection":[{"href":"https:\/\/backingtracksmusic.com\/en\/wp-json\/wp\/v2\/product"}],"about":[{"href":"https:\/\/backingtracksmusic.com\/en\/wp-json\/wp\/v2\/types\/product"}],"wp:featuredmedia":[{"embeddable":true,"href":"https:\/\/backingtracksmusic.com\/en\/wp-json\/wp\/v2\/media\/4910"}],"wp:attachment":[{"href":"https:\/\/backingtracksmusic.com\/en\/wp-json\/wp\/v2\/media?parent=4907"}],"wp:term":[{"taxonomy":"product_brand","embeddable":true,"href":"https:\/\/backingtracksmusic.com\/en\/wp-json\/wp\/v2\/product_brand?post=4907"},{"taxonomy":"product_cat","embeddable":true,"href":"https:\/\/backingtracksmusic.com\/en\/wp-json\/wp\/v2\/product_cat?post=4907"},{"taxonomy":"product_tag","embeddable":true,"href":"https:\/\/backingtracksmusic.com\/en\/wp-json\/wp\/v2\/product_tag?post=4907"}],"curies":[{"name":"wp","href":"https:\/\/api.w.org\/{rel}","templated":true}]}}