{"id":4870,"date":"2022-03-15T19:14:27","date_gmt":"2022-03-15T22:14:27","guid":{"rendered":"https:\/\/backingtracksmusic.com\/?post_type=product&#038;p=4870"},"modified":"2022-03-22T09:45:36","modified_gmt":"2022-03-22T12:45:36","slug":"georgia-on-my-mind","status":"publish","type":"product","link":"https:\/\/backingtracksmusic.com\/en\/product\/georgia-on-my-mind\/","title":{"rendered":"Georgia on my mind"},"content":{"rendered":"<h3>Information:<\/h3>\n<p>\u00abGeorgia on My Mind\u00bb fue grabada por Hoagy Carmichael acompa\u00f1ado por el cornetista Bix Beiderbecke el 15 de septiembre de 1930 y despu\u00e9s por Coleman Hawkins (con los Mound City Blue Blowers) en junio y por Louis Armstrong en noviembre de 1931. Gene Krupa la grab\u00f3 (con Anita O&#8217;Day) en 1941<br \/>\nLa versi\u00f3n de Ray Charles fue grabada para su \u00e1lbum The Genius Hits the Road (1960). Otros artistas que han grabado la canci\u00f3n incluyen a Dean Martin, Willie Nelson, Michael Bolton, James Brown, Fats Waller, Django Reinhardt, Jerry Lee Lewis, Artie Shaw, Michael Bubl\u00e9 y Coldplay.<\/p>","protected":false},"excerpt":{"rendered":"<h3>Demo:<\/h3>\n<div class=\"wp-playlist wp-audio-playlist wp-playlist-light\">\n<div class=\"wp-playlist-current-item\"><\/div>\n<p>\t\t<audio controls=\"controls\" preload=\"none\" width=\"1378\"\n\t\t\t><\/audio><\/p>\n<div class=\"wp-playlist-next\"><\/div>\n<div class=\"wp-playlist-prev\"><\/div>\n<p>\t<noscript><\/p>\n<ol>\n<li><a href='https:\/\/backingtracksmusic.com\/wp-content\/uploads\/2022\/03\/Georgia-on-my-mind-play-refernce-clarinet-DEMO.mp3'>Georgia on my mind play + refernce clarinet DEMO<\/a><\/li>\n<li><a href='https:\/\/backingtracksmusic.com\/wp-content\/uploads\/2022\/03\/Georgia-on-my-mind-play-DEMO.mp3'>Georgia on my mind play DEMO<\/a><\/li>\n<\/ol>\n<p>\t<\/noscript><br \/>\n\t<script type=\"application\/json\" class=\"wp-playlist-script\">{\"type\":\"audio\",\"tracklist\":true,\"tracknumbers\":true,\"images\":false,\"artists\":false,\"tracks\":[{\"src\":\"https:\/\/backingtracksmusic.com\/wp-content\/uploads\/2022\/03\/Georgia-on-my-mind-play-refernce-clarinet-DEMO.mp3\",\"type\":\"audio\/mpeg\",\"title\":\"Georgia on my mind play + refernce clarinet DEMO\",\"caption\":\"\",\"description\":\"\\\"Georgia on my mind play + refernce clarinet DEMO\\\". G\\u00e9nero: Other.\",\"meta\":{\"genre\":\"Other\",\"length_formatted\":\"1:58\"},\"image\":{\"src\":\"https:\/\/backingtracksmusic.com\/wp-includes\/images\/media\/audio.svg\",\"width\":48,\"height\":64},\"thumb\":{\"src\":\"https:\/\/backingtracksmusic.com\/wp-includes\/images\/media\/audio.svg\",\"width\":48,\"height\":64}},{\"src\":\"https:\/\/backingtracksmusic.com\/wp-content\/uploads\/2022\/03\/Georgia-on-my-mind-play-DEMO.mp3\",\"type\":\"audio\/mpeg\",\"title\":\"Georgia on my mind play DEMO\",\"caption\":\"\",\"description\":\"\\\"Georgia on my mind play DEMO\\\". G\\u00e9nero: Other.\",\"meta\":{\"genre\":\"Other\",\"length_formatted\":\"1:58\"},\"image\":{\"src\":\"https:\/\/backingtracksmusic.com\/wp-includes\/images\/media\/audio.svg\",\"width\":48,\"height\":64},\"thumb\":{\"src\":\"https:\/\/backingtracksmusic.com\/wp-includes\/images\/media\/audio.svg\",\"width\":48,\"height\":64}}]}<\/script>\n<\/div>","protected":false},"featured_media":4871,"template":"","meta":{"_acf_changed":false},"product_brand":[],"product_cat":[92,99],"product_tag":[328],"class_list":{"0":"post-4870","1":"product","2":"type-product","3":"status-publish","4":"has-post-thumbnail","6":"product_cat-07-jazz","7":"product_cat-15-oldes","8":"product_tag-hoagy-carmichael","10":"first","11":"instock","12":"virtual","13":"purchasable","14":"product-type-simple"},"acf":[],"_links":{"self":[{"href":"https:\/\/backingtracksmusic.com\/en\/wp-json\/wp\/v2\/product\/4870","targetHints":{"allow":["GET"]}}],"collection":[{"href":"https:\/\/backingtracksmusic.com\/en\/wp-json\/wp\/v2\/product"}],"about":[{"href":"https:\/\/backingtracksmusic.com\/en\/wp-json\/wp\/v2\/types\/product"}],"wp:featuredmedia":[{"embeddable":true,"href":"https:\/\/backingtracksmusic.com\/en\/wp-json\/wp\/v2\/media\/4871"}],"wp:attachment":[{"href":"https:\/\/backingtracksmusic.com\/en\/wp-json\/wp\/v2\/media?parent=4870"}],"wp:term":[{"taxonomy":"product_brand","embeddable":true,"href":"https:\/\/backingtracksmusic.com\/en\/wp-json\/wp\/v2\/product_brand?post=4870"},{"taxonomy":"product_cat","embeddable":true,"href":"https:\/\/backingtracksmusic.com\/en\/wp-json\/wp\/v2\/product_cat?post=4870"},{"taxonomy":"product_tag","embeddable":true,"href":"https:\/\/backingtracksmusic.com\/en\/wp-json\/wp\/v2\/product_tag?post=4870"}],"curies":[{"name":"wp","href":"https:\/\/api.w.org\/{rel}","templated":true}]}}