{"id":4840,"date":"2022-03-02T12:57:04","date_gmt":"2022-03-02T15:57:04","guid":{"rendered":"https:\/\/backingtracksmusic.com\/?post_type=product&#038;p=4840"},"modified":"2022-03-27T19:46:59","modified_gmt":"2022-03-27T22:46:59","slug":"bella-notte-lady-and-the-tramp","status":"publish","type":"product","link":"https:\/\/backingtracksmusic.com\/en\/product\/bella-notte-lady-and-the-tramp\/","title":{"rendered":"Bella Notte (Lady and the Tramp)"},"content":{"rendered":"<h3>Information:<\/h3>\n<p>&#8220;Bella Notte&#8221; es una canci\u00f3n de la pel\u00edcula animada, La Dama y el Vagabundo. Es una balada de amor y la canci\u00f3n \u00edcono de la pel\u00edcula.<br \/>\nLa m\u00fasica de la pel\u00edcula fue de compuesta y dirigida por Oliver Wallace. La version fue modificada y registrada por Peggy Lee y Sonny Burke<br \/>\nPrimero es cantada por un coro en los cr\u00e9ditos de inicio, luego por Tony y Joe mientras Reina y Golfo comen espagueti juntos en una cita rom\u00e1ntica a la luz de la luna, y luego otra vez por un coro cuando toman una caminata nocturna.<\/p>\n<p>&nbsp;<\/p>\n<p>&nbsp;<\/p>","protected":false},"excerpt":{"rendered":"<h3>Demo:<\/h3>\n<div class=\"wp-playlist wp-audio-playlist wp-playlist-light\">\n<div class=\"wp-playlist-current-item\"><\/div>\n<p>\t\t<audio controls=\"controls\" preload=\"none\" width=\"1378\"\n\t\t\t><\/audio><\/p>\n<div class=\"wp-playlist-next\"><\/div>\n<div class=\"wp-playlist-prev\"><\/div>\n<p>\t<noscript><\/p>\n<ol>\n<li><a href='https:\/\/backingtracksmusic.com\/wp-content\/uploads\/2022\/03\/Bella-notte-play-DEMO.mp3'>Bella notte play DEMO<\/a><\/li>\n<li><a href='https:\/\/backingtracksmusic.com\/wp-content\/uploads\/2022\/03\/Bella-notte-play-violin-reference-tamy-DEMO.mp3'>Bella notte play + violin reference tamy DEMO<\/a><\/li>\n<\/ol>\n<p>\t<\/noscript><br \/>\n\t<script type=\"application\/json\" class=\"wp-playlist-script\">{\"type\":\"audio\",\"tracklist\":true,\"tracknumbers\":true,\"images\":false,\"artists\":false,\"tracks\":[{\"src\":\"https:\/\/backingtracksmusic.com\/wp-content\/uploads\/2022\/03\/Bella-notte-play-DEMO.mp3\",\"type\":\"audio\/mpeg\",\"title\":\"Bella notte play DEMO\",\"caption\":\"\",\"description\":\"\\\"Bella notte play DEMO\\\". G\\u00e9nero: Other.\",\"meta\":{\"genre\":\"Other\",\"length_formatted\":\"1:38\"},\"image\":{\"src\":\"https:\/\/backingtracksmusic.com\/wp-includes\/images\/media\/audio.svg\",\"width\":48,\"height\":64},\"thumb\":{\"src\":\"https:\/\/backingtracksmusic.com\/wp-includes\/images\/media\/audio.svg\",\"width\":48,\"height\":64}},{\"src\":\"https:\/\/backingtracksmusic.com\/wp-content\/uploads\/2022\/03\/Bella-notte-play-violin-reference-tamy-DEMO.mp3\",\"type\":\"audio\/mpeg\",\"title\":\"Bella notte play + violin reference tamy DEMO\",\"caption\":\"\",\"description\":\"\\\"Bella notte play + violin reference tamy DEMO\\\". G\\u00e9nero: Other.\",\"meta\":{\"genre\":\"Other\",\"length_formatted\":\"1:33\"},\"image\":{\"src\":\"https:\/\/backingtracksmusic.com\/wp-includes\/images\/media\/audio.svg\",\"width\":48,\"height\":64},\"thumb\":{\"src\":\"https:\/\/backingtracksmusic.com\/wp-includes\/images\/media\/audio.svg\",\"width\":48,\"height\":64}}]}<\/script>\n<\/div>","protected":false},"featured_media":4841,"template":"","meta":{"_acf_changed":false},"product_brand":[],"product_cat":[90,103],"product_tag":[325],"class_list":{"0":"post-4840","1":"product","2":"type-product","3":"status-publish","4":"has-post-thumbnail","6":"product_cat-05-disney","7":"product_cat-10-tv-movies","8":"product_tag-peggy-lee","10":"first","11":"instock","12":"downloadable","13":"virtual","14":"purchasable","15":"product-type-simple"},"acf":[],"_links":{"self":[{"href":"https:\/\/backingtracksmusic.com\/en\/wp-json\/wp\/v2\/product\/4840","targetHints":{"allow":["GET"]}}],"collection":[{"href":"https:\/\/backingtracksmusic.com\/en\/wp-json\/wp\/v2\/product"}],"about":[{"href":"https:\/\/backingtracksmusic.com\/en\/wp-json\/wp\/v2\/types\/product"}],"wp:featuredmedia":[{"embeddable":true,"href":"https:\/\/backingtracksmusic.com\/en\/wp-json\/wp\/v2\/media\/4841"}],"wp:attachment":[{"href":"https:\/\/backingtracksmusic.com\/en\/wp-json\/wp\/v2\/media?parent=4840"}],"wp:term":[{"taxonomy":"product_brand","embeddable":true,"href":"https:\/\/backingtracksmusic.com\/en\/wp-json\/wp\/v2\/product_brand?post=4840"},{"taxonomy":"product_cat","embeddable":true,"href":"https:\/\/backingtracksmusic.com\/en\/wp-json\/wp\/v2\/product_cat?post=4840"},{"taxonomy":"product_tag","embeddable":true,"href":"https:\/\/backingtracksmusic.com\/en\/wp-json\/wp\/v2\/product_tag?post=4840"}],"curies":[{"name":"wp","href":"https:\/\/api.w.org\/{rel}","templated":true}]}}