{"id":4822,"date":"2022-02-24T14:18:13","date_gmt":"2022-02-24T17:18:13","guid":{"rendered":"https:\/\/backingtracksmusic.com\/?post_type=product&#038;p=4822"},"modified":"2022-03-22T09:45:55","modified_gmt":"2022-03-22T12:45:55","slug":"city-of-stars-la-la-land","status":"publish","type":"product","link":"https:\/\/backingtracksmusic.com\/en\/product\/city-of-stars-la-la-land\/","title":{"rendered":"City of stars (La La Land)"},"content":{"rendered":"<h3>Information:<\/h3>\n<p>&#8220;City of Stars&#8221; es el nombre de una canci\u00f3n interpretada por Ryan Gosling y Emma Stone de la pel\u00edcula La La Land de 2016. Fue la ganadora en los Premios \u00d3scar y en los Premios Globos de Oro como Mejor canci\u00f3n original y tambi\u00e9n triunf\u00f3 en los Critics&#8217; Choice Movie Awards como la Mejor canci\u00f3n.1\u200b2\u200b3\u200bSu compositor es Justin Hurwitz y la letra estuvo a cargo de Benj Pasek y Justin Paul.<\/p>\n<p>&nbsp;<\/p>\n<p>&nbsp;<\/p>","protected":false},"excerpt":{"rendered":"<h3>Demo:<\/h3>\n<div class=\"wp-playlist wp-audio-playlist wp-playlist-light\">\n<div class=\"wp-playlist-current-item\"><\/div>\n<p>\t\t<audio controls=\"controls\" preload=\"none\" width=\"1378\"\n\t\t\t><\/audio><\/p>\n<div class=\"wp-playlist-next\"><\/div>\n<div class=\"wp-playlist-prev\"><\/div>\n<p>\t<noscript><\/p>\n<ol>\n<li><a href='https:\/\/backingtracksmusic.com\/wp-content\/uploads\/2022\/02\/City-Of-Stars-La-La-Land-reference-Saxophone-DEMO.mp3'>City Of Stars &#8211; La La Land + reference (Saxophone DEMO<\/a><\/li>\n<li><a href='https:\/\/backingtracksmusic.com\/wp-content\/uploads\/2022\/02\/City-Of-Stars-play-DEMO.mp3'>City Of Stars play DEMO<\/a><\/li>\n<\/ol>\n<p>\t<\/noscript><br \/>\n\t<script type=\"application\/json\" class=\"wp-playlist-script\">{\"type\":\"audio\",\"tracklist\":true,\"tracknumbers\":true,\"images\":false,\"artists\":false,\"tracks\":[{\"src\":\"https:\/\/backingtracksmusic.com\/wp-content\/uploads\/2022\/02\/City-Of-Stars-La-La-Land-reference-Saxophone-DEMO.mp3\",\"type\":\"audio\/mpeg\",\"title\":\"City Of Stars - La La Land + reference (Saxophone DEMO\",\"caption\":\"\",\"description\":\"\\\"City Of Stars - La La Land + reference (Saxophone DEMO\\\". G\\u00e9nero: Other.\",\"meta\":{\"genre\":\"Other\",\"length_formatted\":\"0:58\"},\"image\":{\"src\":\"https:\/\/backingtracksmusic.com\/wp-includes\/images\/media\/audio.svg\",\"width\":48,\"height\":64},\"thumb\":{\"src\":\"https:\/\/backingtracksmusic.com\/wp-includes\/images\/media\/audio.svg\",\"width\":48,\"height\":64}},{\"src\":\"https:\/\/backingtracksmusic.com\/wp-content\/uploads\/2022\/02\/City-Of-Stars-play-DEMO.mp3\",\"type\":\"audio\/mpeg\",\"title\":\"City Of Stars play DEMO\",\"caption\":\"\",\"description\":\"\\\"City Of Stars play DEMO\\\". G\\u00e9nero: Other.\",\"meta\":{\"genre\":\"Other\",\"length_formatted\":\"0:58\"},\"image\":{\"src\":\"https:\/\/backingtracksmusic.com\/wp-includes\/images\/media\/audio.svg\",\"width\":48,\"height\":64},\"thumb\":{\"src\":\"https:\/\/backingtracksmusic.com\/wp-includes\/images\/media\/audio.svg\",\"width\":48,\"height\":64}}]}<\/script>\n<\/div>","protected":false},"featured_media":4823,"template":"","meta":{"_acf_changed":false},"product_brand":[],"product_cat":[103],"product_tag":[320],"class_list":{"0":"post-4822","1":"product","2":"type-product","3":"status-publish","4":"has-post-thumbnail","6":"product_cat-10-tv-movies","7":"product_tag-justin-hurwitz","9":"first","10":"instock","11":"downloadable","12":"virtual","13":"purchasable","14":"product-type-simple"},"acf":[],"_links":{"self":[{"href":"https:\/\/backingtracksmusic.com\/en\/wp-json\/wp\/v2\/product\/4822","targetHints":{"allow":["GET"]}}],"collection":[{"href":"https:\/\/backingtracksmusic.com\/en\/wp-json\/wp\/v2\/product"}],"about":[{"href":"https:\/\/backingtracksmusic.com\/en\/wp-json\/wp\/v2\/types\/product"}],"wp:featuredmedia":[{"embeddable":true,"href":"https:\/\/backingtracksmusic.com\/en\/wp-json\/wp\/v2\/media\/4823"}],"wp:attachment":[{"href":"https:\/\/backingtracksmusic.com\/en\/wp-json\/wp\/v2\/media?parent=4822"}],"wp:term":[{"taxonomy":"product_brand","embeddable":true,"href":"https:\/\/backingtracksmusic.com\/en\/wp-json\/wp\/v2\/product_brand?post=4822"},{"taxonomy":"product_cat","embeddable":true,"href":"https:\/\/backingtracksmusic.com\/en\/wp-json\/wp\/v2\/product_cat?post=4822"},{"taxonomy":"product_tag","embeddable":true,"href":"https:\/\/backingtracksmusic.com\/en\/wp-json\/wp\/v2\/product_tag?post=4822"}],"curies":[{"name":"wp","href":"https:\/\/api.w.org\/{rel}","templated":true}]}}