{"id":4804,"date":"2022-02-18T20:52:36","date_gmt":"2022-02-18T23:52:36","guid":{"rendered":"https:\/\/backingtracksmusic.com\/?post_type=product&#038;p=4804"},"modified":"2022-03-22T09:46:02","modified_gmt":"2022-03-22T12:46:02","slug":"songs-my-mother-sang","status":"publish","type":"product","link":"https:\/\/backingtracksmusic.com\/en\/product\/songs-my-mother-sang\/","title":{"rendered":"Songs my mother sang"},"content":{"rendered":"<h3>Information:<\/h3>\n<p>\u00abCanciones que me ense\u00f1\u00f3 mi madre\u00bb (en checo: Kdy\u017e mne star\u00e1 matka zp\u00edvat u\u010d\u00edvala) es una canci\u00f3n para voz y piano escrita en 1880 por Anton\u00edn Dvo\u0159\u00e1k. Es la cuarta de siete canciones de su ciclo Canciones gitanas (en checo: Cig\u00e1nsk\u00e9 melodie), B.104, op. 55. Las Canciones gitanas est\u00e1n compuestas por poemas de Adolf Heyduk tanto en checo como en alem\u00e1n. Esta canci\u00f3n en particular ha alcanzado una gran fama.<\/p>\n<p>&nbsp;<\/p>","protected":false},"excerpt":{"rendered":"<h3>Demo:<\/h3>\n<div class=\"wp-playlist wp-audio-playlist wp-playlist-light\">\n<div class=\"wp-playlist-current-item\"><\/div>\n<p>\t\t<audio controls=\"controls\" preload=\"none\" width=\"1378\"\n\t\t\t><\/audio><\/p>\n<div class=\"wp-playlist-next\"><\/div>\n<div class=\"wp-playlist-prev\"><\/div>\n<p>\t<noscript><\/p>\n<ol>\n<li><a href='https:\/\/backingtracksmusic.com\/wp-content\/uploads\/2022\/02\/Dvorak-Songs-my-mother-taught-me-arr.-by-F.-Kreisler-reference-cello-DEMO.mp3'>Dvorak Songs my mother taught me (arr. by F. Kreisler) + reference cello DEMO<\/a><\/li>\n<li><a href='https:\/\/backingtracksmusic.com\/wp-content\/uploads\/2022\/02\/Songs-my-mother-taught-me-play-DEMO.mp3'>Songs my mother taught me play DEMO<\/a><\/li>\n<\/ol>\n<p>\t<\/noscript><br \/>\n\t<script type=\"application\/json\" class=\"wp-playlist-script\">{\"type\":\"audio\",\"tracklist\":true,\"tracknumbers\":true,\"images\":false,\"artists\":false,\"tracks\":[{\"src\":\"https:\/\/backingtracksmusic.com\/wp-content\/uploads\/2022\/02\/Dvorak-Songs-my-mother-taught-me-arr.-by-F.-Kreisler-reference-cello-DEMO.mp3\",\"type\":\"audio\/mpeg\",\"title\":\"Dvorak Songs my mother taught me (arr. by F. Kreisler) + reference cello DEMO\",\"caption\":\"\",\"description\":\"\\\"Dvorak Songs my mother taught me (arr. by F. Kreisler) + reference cello DEMO\\\". G\\u00e9nero: Other.\",\"meta\":{\"genre\":\"Other\",\"length_formatted\":\"0:57\"},\"image\":{\"src\":\"https:\/\/backingtracksmusic.com\/wp-includes\/images\/media\/audio.svg\",\"width\":48,\"height\":64},\"thumb\":{\"src\":\"https:\/\/backingtracksmusic.com\/wp-includes\/images\/media\/audio.svg\",\"width\":48,\"height\":64}},{\"src\":\"https:\/\/backingtracksmusic.com\/wp-content\/uploads\/2022\/02\/Songs-my-mother-taught-me-play-DEMO.mp3\",\"type\":\"audio\/mpeg\",\"title\":\"Songs my mother taught me play DEMO\",\"caption\":\"\",\"description\":\"\\\"Songs my mother taught me play DEMO\\\". G\\u00e9nero: Other.\",\"meta\":{\"genre\":\"Other\",\"length_formatted\":\"1:04\"},\"image\":{\"src\":\"https:\/\/backingtracksmusic.com\/wp-includes\/images\/media\/audio.svg\",\"width\":48,\"height\":64},\"thumb\":{\"src\":\"https:\/\/backingtracksmusic.com\/wp-includes\/images\/media\/audio.svg\",\"width\":48,\"height\":64}}]}<\/script>\n<\/div>","protected":false},"featured_media":4801,"template":"","meta":{"_acf_changed":false},"product_brand":[],"product_cat":[89],"product_tag":[318],"class_list":{"0":"post-4804","1":"product","2":"type-product","3":"status-publish","4":"has-post-thumbnail","6":"product_cat-04-clasica","7":"product_tag-antonin-dvorak","9":"first","10":"instock","11":"downloadable","12":"virtual","13":"purchasable","14":"product-type-simple"},"acf":[],"_links":{"self":[{"href":"https:\/\/backingtracksmusic.com\/en\/wp-json\/wp\/v2\/product\/4804","targetHints":{"allow":["GET"]}}],"collection":[{"href":"https:\/\/backingtracksmusic.com\/en\/wp-json\/wp\/v2\/product"}],"about":[{"href":"https:\/\/backingtracksmusic.com\/en\/wp-json\/wp\/v2\/types\/product"}],"wp:featuredmedia":[{"embeddable":true,"href":"https:\/\/backingtracksmusic.com\/en\/wp-json\/wp\/v2\/media\/4801"}],"wp:attachment":[{"href":"https:\/\/backingtracksmusic.com\/en\/wp-json\/wp\/v2\/media?parent=4804"}],"wp:term":[{"taxonomy":"product_brand","embeddable":true,"href":"https:\/\/backingtracksmusic.com\/en\/wp-json\/wp\/v2\/product_brand?post=4804"},{"taxonomy":"product_cat","embeddable":true,"href":"https:\/\/backingtracksmusic.com\/en\/wp-json\/wp\/v2\/product_cat?post=4804"},{"taxonomy":"product_tag","embeddable":true,"href":"https:\/\/backingtracksmusic.com\/en\/wp-json\/wp\/v2\/product_tag?post=4804"}],"curies":[{"name":"wp","href":"https:\/\/api.w.org\/{rel}","templated":true}]}}