{"id":4788,"date":"2022-02-14T15:58:31","date_gmt":"2022-02-14T18:58:31","guid":{"rendered":"https:\/\/backingtracksmusic.com\/?post_type=product&#038;p=4788"},"modified":"2022-03-22T09:46:10","modified_gmt":"2022-03-22T12:46:10","slug":"what-a-wonderful-world","status":"publish","type":"product","link":"https:\/\/backingtracksmusic.com\/en\/product\/what-a-wonderful-world\/","title":{"rendered":"What a wonderful world"},"content":{"rendered":"<h3>Information:<\/h3>\n<p>\u00abWhat a Wonderful World\u00bb es una canci\u00f3n jazz escrita por Bob Thiele &amp; George David Weiss, estrenada por Louis Armstrong y editada por primera vez como sencillo a principios del oto\u00f1o de 1967. Con la idea de ser un ant\u00eddoto al clima pol\u00edtico y racial de la d\u00e9cada de 1960, fue ofrecida a varios artistas pero finalmente fue estrenada por Louis Armstrong, que le imprimi\u00f3 especial atractivo.<\/p>\n<p>La canci\u00f3n describe la delicia del cantante por las cosas simples de cada d\u00eda, y mantiene un tono optimista con esperanza en el futuro, incluyendo una referencia a los beb\u00e9s que nacen en el mundo y tendr\u00e1n mucho para ver y crecer.<\/p>\n<p>&nbsp;<\/p>\n<p>&nbsp;<\/p>","protected":false},"excerpt":{"rendered":"<h3>Demo:<\/h3>\n<div class=\"wp-playlist wp-audio-playlist wp-playlist-light\">\n<div class=\"wp-playlist-current-item\"><\/div>\n<p>\t\t<audio controls=\"controls\" preload=\"none\" width=\"1378\"\n\t\t\t><\/audio><\/p>\n<div class=\"wp-playlist-next\"><\/div>\n<div class=\"wp-playlist-prev\"><\/div>\n<p>\t<noscript><\/p>\n<ol>\n<li><a href='https:\/\/backingtracksmusic.com\/wp-content\/uploads\/2022\/02\/what-a-wonderful-world-F-play-DEMO.mp3'>what a wonderful world F play DEMO<\/a><\/li>\n<li><a href='https:\/\/backingtracksmusic.com\/wp-content\/uploads\/2022\/02\/what-a-wonderful-world-F-play-flute-reference-DEMO.mp3'>what a wonderful world F play + flute reference DEMO<\/a><\/li>\n<\/ol>\n<p>\t<\/noscript><br \/>\n\t<script type=\"application\/json\" class=\"wp-playlist-script\">{\"type\":\"audio\",\"tracklist\":true,\"tracknumbers\":true,\"images\":false,\"artists\":false,\"tracks\":[{\"src\":\"https:\/\/backingtracksmusic.com\/wp-content\/uploads\/2022\/02\/what-a-wonderful-world-F-play-DEMO.mp3\",\"type\":\"audio\/mpeg\",\"title\":\"what a wonderful world F play DEMO\",\"caption\":\"\",\"description\":\"\\\"what a wonderful world F play DEMO\\\". G\\u00e9nero: Other.\",\"meta\":{\"genre\":\"Other\",\"length_formatted\":\"1:21\"},\"image\":{\"src\":\"https:\/\/backingtracksmusic.com\/wp-includes\/images\/media\/audio.svg\",\"width\":48,\"height\":64},\"thumb\":{\"src\":\"https:\/\/backingtracksmusic.com\/wp-includes\/images\/media\/audio.svg\",\"width\":48,\"height\":64}},{\"src\":\"https:\/\/backingtracksmusic.com\/wp-content\/uploads\/2022\/02\/what-a-wonderful-world-F-play-flute-reference-DEMO.mp3\",\"type\":\"audio\/mpeg\",\"title\":\"what a wonderful world F play + flute reference DEMO\",\"caption\":\"\",\"description\":\"\\\"what a wonderful world F play + flute reference DEMO\\\". G\\u00e9nero: Other.\",\"meta\":{\"genre\":\"Other\",\"length_formatted\":\"1:41\"},\"image\":{\"src\":\"https:\/\/backingtracksmusic.com\/wp-includes\/images\/media\/audio.svg\",\"width\":48,\"height\":64},\"thumb\":{\"src\":\"https:\/\/backingtracksmusic.com\/wp-includes\/images\/media\/audio.svg\",\"width\":48,\"height\":64}}]}<\/script>\n<\/div>","protected":false},"featured_media":4789,"template":"","meta":{"_acf_changed":false},"product_brand":[],"product_cat":[92,97,99],"product_tag":[313,248],"class_list":{"0":"post-4788","1":"product","2":"type-product","3":"status-publish","4":"has-post-thumbnail","6":"product_cat-07-jazz","7":"product_cat-13-love-songs","8":"product_cat-15-oldes","9":"product_tag-bob-thiele","10":"product_tag-george-david-weiss","12":"first","13":"instock","14":"downloadable","15":"virtual","16":"purchasable","17":"product-type-simple"},"acf":[],"_links":{"self":[{"href":"https:\/\/backingtracksmusic.com\/en\/wp-json\/wp\/v2\/product\/4788","targetHints":{"allow":["GET"]}}],"collection":[{"href":"https:\/\/backingtracksmusic.com\/en\/wp-json\/wp\/v2\/product"}],"about":[{"href":"https:\/\/backingtracksmusic.com\/en\/wp-json\/wp\/v2\/types\/product"}],"wp:featuredmedia":[{"embeddable":true,"href":"https:\/\/backingtracksmusic.com\/en\/wp-json\/wp\/v2\/media\/4789"}],"wp:attachment":[{"href":"https:\/\/backingtracksmusic.com\/en\/wp-json\/wp\/v2\/media?parent=4788"}],"wp:term":[{"taxonomy":"product_brand","embeddable":true,"href":"https:\/\/backingtracksmusic.com\/en\/wp-json\/wp\/v2\/product_brand?post=4788"},{"taxonomy":"product_cat","embeddable":true,"href":"https:\/\/backingtracksmusic.com\/en\/wp-json\/wp\/v2\/product_cat?post=4788"},{"taxonomy":"product_tag","embeddable":true,"href":"https:\/\/backingtracksmusic.com\/en\/wp-json\/wp\/v2\/product_tag?post=4788"}],"curies":[{"name":"wp","href":"https:\/\/api.w.org\/{rel}","templated":true}]}}