{"id":4737,"date":"2022-01-19T15:59:57","date_gmt":"2022-01-19T18:59:57","guid":{"rendered":"https:\/\/backingtracksmusic.com\/?post_type=product&#038;p=4737"},"modified":"2022-03-22T09:46:34","modified_gmt":"2022-03-22T12:46:34","slug":"hello-dolly","status":"publish","type":"product","link":"https:\/\/backingtracksmusic.com\/en\/product\/hello-dolly\/","title":{"rendered":"Hello Dolly!"},"content":{"rendered":"<p>Informacion:<\/p>\n<p>Hello, Dolly! es una pel\u00edcula musical estadounidense de 1969, basada en el musical de Broadway Hello, Dolly!. Gene Kelly dirigi\u00f3 y produjo el guion de Ernest Lehman. El reparto incluye a Barbara Streisand, Walter Matthau, Michael Crawford, Tommy Tune, Fritz Feld, y Louis Armstrong, que llegar\u00eda al n\u00famero uno de las listas con la canci\u00f3n principal de la pel\u00edcula.<\/p>\n<p>&nbsp;<\/p>","protected":false},"excerpt":{"rendered":"<div class=\"wp-playlist wp-audio-playlist wp-playlist-light\">\n<div class=\"wp-playlist-current-item\"><\/div>\n<p>\t\t<audio controls=\"controls\" preload=\"none\" width=\"1378\"\n\t\t\t><\/audio><\/p>\n<div class=\"wp-playlist-next\"><\/div>\n<div class=\"wp-playlist-prev\"><\/div>\n<p>\t<noscript><\/p>\n<ol>\n<li><a href='https:\/\/backingtracksmusic.com\/wp-content\/uploads\/2022\/01\/Hello-dolly-Bb-play-armonica-reference-DEMO.mp3'>Hello dolly Bb play + armonica reference DEMO<\/a><\/li>\n<li><a href='https:\/\/backingtracksmusic.com\/wp-content\/uploads\/2022\/01\/Hello-dolly-Bb-play-DEMO.mp3'>Hello dolly Bb play DEMO<\/a><\/li>\n<\/ol>\n<p>\t<\/noscript><br \/>\n\t<script type=\"application\/json\" class=\"wp-playlist-script\">{\"type\":\"audio\",\"tracklist\":true,\"tracknumbers\":true,\"images\":false,\"artists\":false,\"tracks\":[{\"src\":\"https:\/\/backingtracksmusic.com\/wp-content\/uploads\/2022\/01\/Hello-dolly-Bb-play-armonica-reference-DEMO.mp3\",\"type\":\"audio\/mpeg\",\"title\":\"Hello dolly Bb play + armonica reference DEMO\",\"caption\":\"\",\"description\":\"\\\"Hello dolly Bb play + armonica reference DEMO\\\". G\\u00e9nero: Other.\",\"meta\":{\"genre\":\"Other\",\"length_formatted\":\"0:59\"},\"image\":{\"src\":\"https:\/\/backingtracksmusic.com\/wp-includes\/images\/media\/audio.svg\",\"width\":48,\"height\":64},\"thumb\":{\"src\":\"https:\/\/backingtracksmusic.com\/wp-includes\/images\/media\/audio.svg\",\"width\":48,\"height\":64}},{\"src\":\"https:\/\/backingtracksmusic.com\/wp-content\/uploads\/2022\/01\/Hello-dolly-Bb-play-DEMO.mp3\",\"type\":\"audio\/mpeg\",\"title\":\"Hello dolly Bb play DEMO\",\"caption\":\"\",\"description\":\"\\\"Hello dolly Bb play DEMO\\\". G\\u00e9nero: Other.\",\"meta\":{\"genre\":\"Other\",\"length_formatted\":\"0:57\"},\"image\":{\"src\":\"https:\/\/backingtracksmusic.com\/wp-includes\/images\/media\/audio.svg\",\"width\":48,\"height\":64},\"thumb\":{\"src\":\"https:\/\/backingtracksmusic.com\/wp-includes\/images\/media\/audio.svg\",\"width\":48,\"height\":64}}]}<\/script>\n<\/div>","protected":false},"featured_media":4738,"template":"","meta":{"_acf_changed":false},"product_brand":[],"product_cat":[92,93,103],"product_tag":[303],"class_list":{"0":"post-4737","1":"product","2":"type-product","3":"status-publish","4":"has-post-thumbnail","6":"product_cat-07-jazz","7":"product_cat-08-musicales","8":"product_cat-10-tv-movies","9":"product_tag-jerry-herman","11":"first","12":"instock","13":"virtual","14":"purchasable","15":"product-type-simple"},"acf":[],"_links":{"self":[{"href":"https:\/\/backingtracksmusic.com\/en\/wp-json\/wp\/v2\/product\/4737","targetHints":{"allow":["GET"]}}],"collection":[{"href":"https:\/\/backingtracksmusic.com\/en\/wp-json\/wp\/v2\/product"}],"about":[{"href":"https:\/\/backingtracksmusic.com\/en\/wp-json\/wp\/v2\/types\/product"}],"wp:featuredmedia":[{"embeddable":true,"href":"https:\/\/backingtracksmusic.com\/en\/wp-json\/wp\/v2\/media\/4738"}],"wp:attachment":[{"href":"https:\/\/backingtracksmusic.com\/en\/wp-json\/wp\/v2\/media?parent=4737"}],"wp:term":[{"taxonomy":"product_brand","embeddable":true,"href":"https:\/\/backingtracksmusic.com\/en\/wp-json\/wp\/v2\/product_brand?post=4737"},{"taxonomy":"product_cat","embeddable":true,"href":"https:\/\/backingtracksmusic.com\/en\/wp-json\/wp\/v2\/product_cat?post=4737"},{"taxonomy":"product_tag","embeddable":true,"href":"https:\/\/backingtracksmusic.com\/en\/wp-json\/wp\/v2\/product_tag?post=4737"}],"curies":[{"name":"wp","href":"https:\/\/api.w.org\/{rel}","templated":true}]}}