{"id":4658,"date":"2022-01-04T16:17:42","date_gmt":"2022-01-04T19:17:42","guid":{"rendered":"https:\/\/backingtracksmusic.com\/?post_type=product&#038;p=4658"},"modified":"2022-03-22T09:46:49","modified_gmt":"2022-03-22T12:46:49","slug":"castillos-de-hielo-ice-castles","status":"publish","type":"product","link":"https:\/\/backingtracksmusic.com\/en\/product\/castillos-de-hielo-ice-castles\/","title":{"rendered":"Castillos de hielo (Ice Castles)"},"content":{"rendered":"<h3>Information:<\/h3>\n<p>Castillos de hielo es una pel\u00edcula rom\u00e1ntica y de drama del a\u00f1o 1978 dirigida por Donald Wrye y protagonizada por Lynn-Holly Johnson y Robby Benson, cuya banda sonora hizo \u00e9poca y el tema principal fue interpretado por la famosa cantante estadounidense Melissa Manchester.<\/p>","protected":false},"excerpt":{"rendered":"<h3>Demo:<\/h3>\n<div class=\"wp-playlist wp-audio-playlist wp-playlist-light\">\n<div class=\"wp-playlist-current-item\"><\/div>\n<p>\t\t<audio controls=\"controls\" preload=\"none\" width=\"1378\"\n\t\t\t><\/audio><\/p>\n<div class=\"wp-playlist-next\"><\/div>\n<div class=\"wp-playlist-prev\"><\/div>\n<p>\t<noscript><\/p>\n<ol>\n<li><a href='https:\/\/backingtracksmusic.com\/wp-content\/uploads\/2022\/01\/Ice-castle-play-reference-sax-soprano-demo-1.mp3'>Ice castle play + reference sax soprano demo<\/a><\/li>\n<li><a href='https:\/\/backingtracksmusic.com\/wp-content\/uploads\/2022\/01\/Ice-castle-play-demo.mp3'>Ice castle play demo<\/a><\/li>\n<\/ol>\n<p>\t<\/noscript><br \/>\n\t<script type=\"application\/json\" class=\"wp-playlist-script\">{\"type\":\"audio\",\"tracklist\":true,\"tracknumbers\":true,\"images\":false,\"artists\":false,\"tracks\":[{\"src\":\"https:\/\/backingtracksmusic.com\/wp-content\/uploads\/2022\/01\/Ice-castle-play-reference-sax-soprano-demo-1.mp3\",\"type\":\"audio\/mpeg\",\"title\":\"Ice castle play + reference sax soprano demo\",\"caption\":\"\",\"description\":\"\\\"Ice castle play + reference sax soprano demo\\\". G\\u00e9nero: Other.\",\"meta\":{\"genre\":\"Other\",\"length_formatted\":\"1:18\"},\"image\":{\"src\":\"https:\/\/backingtracksmusic.com\/wp-includes\/images\/media\/audio.svg\",\"width\":48,\"height\":64},\"thumb\":{\"src\":\"https:\/\/backingtracksmusic.com\/wp-includes\/images\/media\/audio.svg\",\"width\":48,\"height\":64}},{\"src\":\"https:\/\/backingtracksmusic.com\/wp-content\/uploads\/2022\/01\/Ice-castle-play-demo.mp3\",\"type\":\"audio\/mpeg\",\"title\":\"Ice castle play demo\",\"caption\":\"\",\"description\":\"\\\"Ice castle play demo\\\". G\\u00e9nero: Other.\",\"meta\":{\"genre\":\"Other\",\"length_formatted\":\"1:23\"},\"image\":{\"src\":\"https:\/\/backingtracksmusic.com\/wp-includes\/images\/media\/audio.svg\",\"width\":48,\"height\":64},\"thumb\":{\"src\":\"https:\/\/backingtracksmusic.com\/wp-includes\/images\/media\/audio.svg\",\"width\":48,\"height\":64}}]}<\/script>\n<\/div>","protected":false},"featured_media":4659,"template":"","meta":{"_acf_changed":false},"product_brand":[],"product_cat":[103,97,98],"product_tag":[270],"class_list":{"0":"post-4658","1":"product","2":"type-product","3":"status-publish","4":"has-post-thumbnail","6":"product_cat-10-tv-movies","7":"product_cat-13-love-songs","8":"product_cat-14-wedding","9":"product_tag-marvin-hamlisch","11":"first","12":"instock","13":"virtual","14":"purchasable","15":"product-type-simple"},"acf":[],"_links":{"self":[{"href":"https:\/\/backingtracksmusic.com\/en\/wp-json\/wp\/v2\/product\/4658","targetHints":{"allow":["GET"]}}],"collection":[{"href":"https:\/\/backingtracksmusic.com\/en\/wp-json\/wp\/v2\/product"}],"about":[{"href":"https:\/\/backingtracksmusic.com\/en\/wp-json\/wp\/v2\/types\/product"}],"wp:featuredmedia":[{"embeddable":true,"href":"https:\/\/backingtracksmusic.com\/en\/wp-json\/wp\/v2\/media\/4659"}],"wp:attachment":[{"href":"https:\/\/backingtracksmusic.com\/en\/wp-json\/wp\/v2\/media?parent=4658"}],"wp:term":[{"taxonomy":"product_brand","embeddable":true,"href":"https:\/\/backingtracksmusic.com\/en\/wp-json\/wp\/v2\/product_brand?post=4658"},{"taxonomy":"product_cat","embeddable":true,"href":"https:\/\/backingtracksmusic.com\/en\/wp-json\/wp\/v2\/product_cat?post=4658"},{"taxonomy":"product_tag","embeddable":true,"href":"https:\/\/backingtracksmusic.com\/en\/wp-json\/wp\/v2\/product_tag?post=4658"}],"curies":[{"name":"wp","href":"https:\/\/api.w.org\/{rel}","templated":true}]}}