{"id":4456,"date":"2021-12-30T14:19:53","date_gmt":"2021-12-30T17:19:53","guid":{"rendered":"https:\/\/backingtracksmusic.com\/?post_type=product&#038;p=4456"},"modified":"2022-03-22T09:47:10","modified_gmt":"2022-03-22T12:47:10","slug":"recuerdame-coco","status":"publish","type":"product","link":"https:\/\/backingtracksmusic.com\/en\/product\/recuerdame-coco\/","title":{"rendered":"Recuerdame (coco)"},"content":{"rendered":"<h3>Information:<\/h3>\n<p><b>\u00abRecu\u00e9rdame\u00bb<\/b>\u00a0\u2014en\u00a0<a title=\"Idioma ingl\u00e9s\" href=\"https:\/\/es.wikipedia.org\/wiki\/Idioma_ingl%C3%A9s\">ingl\u00e9s<\/a>: \u00abRemember Me\u00bb\u2014 es una canci\u00f3n de la pel\u00edcula animada\u00a0<i><a title=\"Coco (pel\u00edcula)\" href=\"https:\/\/es.wikipedia.org\/wiki\/Coco_(pel%C3%ADcula)\">Coco<\/a><\/i>\u00a0de\u00a0<a class=\"mw-redirect\" title=\"Disney Pixar\" href=\"https:\/\/es.wikipedia.org\/wiki\/Disney_Pixar\">Pixar<\/a>, escrita por\u00a0<a class=\"mw-redirect\" title=\"Robert L\u00f3pez\" href=\"https:\/\/es.wikipedia.org\/wiki\/Robert_L%C3%B3pez\">Robert L\u00f3pez<\/a>\u00a0y\u00a0<a title=\"Kristen Anderson-Lopez\" href=\"https:\/\/es.wikipedia.org\/wiki\/Kristen_Anderson-Lopez\">Kristen Anderson-Lopez<\/a>. La canci\u00f3n fue interpretada por m\u00faltiples artistas en las diferentes traducciones de la pel\u00edcula. La canci\u00f3n fue interpretada y galardonada con un premio \u00d3scar a la mejor canci\u00f3n original en la\u00a0<a class=\"mw-redirect\" title=\"90.\u00aa ceremonia de los Premios \u00d3scar\" href=\"https:\/\/es.wikipedia.org\/wiki\/90.%C2%AA_ceremonia_de_los_Premios_%C3%93scar\">90.\u00aa ceremonia de los Premios de la Academia<\/a>.<\/p>\n<p>&nbsp;<\/p>","protected":false},"excerpt":{"rendered":"<h3>Demo:<\/h3>\n<div class=\"wp-playlist wp-audio-playlist wp-playlist-light\">\n<div class=\"wp-playlist-current-item\"><\/div>\n<p>\t\t<audio controls=\"controls\" preload=\"none\" width=\"1378\"\n\t\t\t><\/audio><\/p>\n<div class=\"wp-playlist-next\"><\/div>\n<div class=\"wp-playlist-prev\"><\/div>\n<p>\t<noscript><\/p>\n<ol>\n<li><a href='https:\/\/backingtracksmusic.com\/wp-content\/uploads\/2021\/12\/Recuerdame-C-play-referencia-flute-DEMO.mp3'>Recuerdame C play + referencia flute DEMO<\/a><\/li>\n<li><a href='https:\/\/backingtracksmusic.com\/wp-content\/uploads\/2021\/12\/Recuerdame-C-play-DEMO.mp3'>Recuerdame C play DEMO<\/a><\/li>\n<\/ol>\n<p>\t<\/noscript><br \/>\n\t<script type=\"application\/json\" class=\"wp-playlist-script\">{\"type\":\"audio\",\"tracklist\":true,\"tracknumbers\":true,\"images\":false,\"artists\":false,\"tracks\":[{\"src\":\"https:\/\/backingtracksmusic.com\/wp-content\/uploads\/2021\/12\/Recuerdame-C-play-referencia-flute-DEMO.mp3\",\"type\":\"audio\/mpeg\",\"title\":\"Recuerdame C play + referencia flute DEMO\",\"caption\":\"\",\"description\":\"\\\"Recuerdame C play + referencia flute DEMO\\\". G\\u00e9nero: Otro.\",\"meta\":{\"genre\":\"Otro\",\"length_formatted\":\"1:09\"},\"image\":{\"src\":\"https:\/\/backingtracksmusic.com\/wp-includes\/images\/media\/audio.svg\",\"width\":48,\"height\":64},\"thumb\":{\"src\":\"https:\/\/backingtracksmusic.com\/wp-includes\/images\/media\/audio.svg\",\"width\":48,\"height\":64}},{\"src\":\"https:\/\/backingtracksmusic.com\/wp-content\/uploads\/2021\/12\/Recuerdame-C-play-DEMO.mp3\",\"type\":\"audio\/mpeg\",\"title\":\"Recuerdame C play DEMO\",\"caption\":\"\",\"description\":\"\\\"Recuerdame C play DEMO\\\". G\\u00e9nero: Otro.\",\"meta\":{\"genre\":\"Otro\",\"length_formatted\":\"1:05\"},\"image\":{\"src\":\"https:\/\/backingtracksmusic.com\/wp-includes\/images\/media\/audio.svg\",\"width\":48,\"height\":64},\"thumb\":{\"src\":\"https:\/\/backingtracksmusic.com\/wp-includes\/images\/media\/audio.svg\",\"width\":48,\"height\":64}}]}<\/script>\n<\/div>","protected":false},"featured_media":4457,"template":"","meta":{"_acf_changed":false},"product_brand":[],"product_cat":[103],"product_tag":[259,258],"class_list":{"0":"post-4456","1":"product","2":"type-product","3":"status-publish","4":"has-post-thumbnail","6":"product_cat-10-tv-movies","7":"product_tag-kristen-anderson-lopez","8":"product_tag-robert-lopez","10":"first","11":"instock","12":"virtual","13":"purchasable","14":"product-type-simple"},"acf":[],"_links":{"self":[{"href":"https:\/\/backingtracksmusic.com\/en\/wp-json\/wp\/v2\/product\/4456","targetHints":{"allow":["GET"]}}],"collection":[{"href":"https:\/\/backingtracksmusic.com\/en\/wp-json\/wp\/v2\/product"}],"about":[{"href":"https:\/\/backingtracksmusic.com\/en\/wp-json\/wp\/v2\/types\/product"}],"wp:featuredmedia":[{"embeddable":true,"href":"https:\/\/backingtracksmusic.com\/en\/wp-json\/wp\/v2\/media\/4457"}],"wp:attachment":[{"href":"https:\/\/backingtracksmusic.com\/en\/wp-json\/wp\/v2\/media?parent=4456"}],"wp:term":[{"taxonomy":"product_brand","embeddable":true,"href":"https:\/\/backingtracksmusic.com\/en\/wp-json\/wp\/v2\/product_brand?post=4456"},{"taxonomy":"product_cat","embeddable":true,"href":"https:\/\/backingtracksmusic.com\/en\/wp-json\/wp\/v2\/product_cat?post=4456"},{"taxonomy":"product_tag","embeddable":true,"href":"https:\/\/backingtracksmusic.com\/en\/wp-json\/wp\/v2\/product_tag?post=4456"}],"curies":[{"name":"wp","href":"https:\/\/api.w.org\/{rel}","templated":true}]}}