{"id":4403,"date":"2021-12-30T13:00:28","date_gmt":"2021-12-30T16:00:28","guid":{"rendered":"https:\/\/backingtracksmusic.com\/?post_type=product&#038;p=4403"},"modified":"2022-03-22T09:47:32","modified_gmt":"2022-03-22T12:47:32","slug":"forrest-gump","status":"publish","type":"product","link":"https:\/\/backingtracksmusic.com\/en\/product\/forrest-gump\/","title":{"rendered":"Forrest gump"},"content":{"rendered":"<h3>Information:<\/h3>\n<p><i><b>Forrest Gump<\/b><\/i>\u00a0es un \u00e1lbum recopilatorio publicado en\u00a0<a title=\"1994\" href=\"https:\/\/es.wikipedia.org\/wiki\/1994\">1994<\/a>\u00a0y basado en las canciones que suenan en la pel\u00edcula\u00a0<a title=\"Forrest Gump (pel\u00edcula)\" href=\"https:\/\/es.wikipedia.org\/wiki\/Forrest_Gump_(pel%C3%ADcula)\">Forrest Gump<\/a>.<sup id=\"cite_ref-1\" class=\"reference separada\"><\/sup>\u200b Se trata de una selecci\u00f3n de temas cl\u00e1sicos, exclusivamente norteamericanos, que abarca diferentes g\u00e9neros musicales, populares durante la segunda mitad del\u00a0<a title=\"Siglo XX\" href=\"https:\/\/es.wikipedia.org\/wiki\/Siglo_XX\">siglo XX<\/a>.\u00a0La banda sonora original creada por\u00a0<a title=\"Alan Silvestri\" href=\"https:\/\/es.wikipedia.org\/wiki\/Alan_Silvestri\">Alan Silvestri<\/a> fue publicada independientemente de esta selecci\u00f3n.\u00a0La banda sonora lleg\u00f3 a estar en el segundo lugar de la clasificaci\u00f3n de la revista Billboard, se vendieron doce millones de copias y es uno de los \u00e1lbumes musicales m\u00e1s vendidos en los Estados Unido<\/p>\n<p>&nbsp;<\/p>","protected":false},"excerpt":{"rendered":"<h3>Demo:<\/h3>\n<div class=\"wp-playlist wp-audio-playlist wp-playlist-light\">\n<div class=\"wp-playlist-current-item\"><\/div>\n<p>\t\t<audio controls=\"controls\" preload=\"none\" width=\"1378\"\n\t\t\t><\/audio><\/p>\n<div class=\"wp-playlist-next\"><\/div>\n<div class=\"wp-playlist-prev\"><\/div>\n<p>\t<noscript><\/p>\n<ol>\n<li><a href='https:\/\/backingtracksmusic.com\/wp-content\/uploads\/2021\/12\/Forrest-gump-play-cello-reference-DEMO.mp3'>Forrest gump play + cello reference DEMO<\/a><\/li>\n<li><a href='https:\/\/backingtracksmusic.com\/wp-content\/uploads\/2021\/12\/Forrest-gump-play-DEMO.mp3'>Forrest gump play DEMO<\/a><\/li>\n<\/ol>\n<p>\t<\/noscript><br \/>\n\t<script type=\"application\/json\" class=\"wp-playlist-script\">{\"type\":\"audio\",\"tracklist\":true,\"tracknumbers\":true,\"images\":false,\"artists\":false,\"tracks\":[{\"src\":\"https:\/\/backingtracksmusic.com\/wp-content\/uploads\/2021\/12\/Forrest-gump-play-cello-reference-DEMO.mp3\",\"type\":\"audio\/mpeg\",\"title\":\"Forrest gump play + cello reference DEMO\",\"caption\":\"\",\"description\":\"\\\"Forrest gump play + cello reference DEMO\\\". G\\u00e9nero: Otro.\",\"meta\":{\"genre\":\"Otro\",\"length_formatted\":\"1:16\"},\"image\":{\"src\":\"https:\/\/backingtracksmusic.com\/wp-includes\/images\/media\/audio.svg\",\"width\":48,\"height\":64},\"thumb\":{\"src\":\"https:\/\/backingtracksmusic.com\/wp-includes\/images\/media\/audio.svg\",\"width\":48,\"height\":64}},{\"src\":\"https:\/\/backingtracksmusic.com\/wp-content\/uploads\/2021\/12\/Forrest-gump-play-DEMO.mp3\",\"type\":\"audio\/mpeg\",\"title\":\"Forrest gump play DEMO\",\"caption\":\"\",\"description\":\"\\\"Forrest gump play DEMO\\\". G\\u00e9nero: Otro.\",\"meta\":{\"genre\":\"Otro\",\"length_formatted\":\"1:15\"},\"image\":{\"src\":\"https:\/\/backingtracksmusic.com\/wp-includes\/images\/media\/audio.svg\",\"width\":48,\"height\":64},\"thumb\":{\"src\":\"https:\/\/backingtracksmusic.com\/wp-includes\/images\/media\/audio.svg\",\"width\":48,\"height\":64}}]}<\/script>\n<\/div>","protected":false},"featured_media":4404,"template":"","meta":{"_acf_changed":false},"product_brand":[],"product_cat":[103],"product_tag":[252],"class_list":{"0":"post-4403","1":"product","2":"type-product","3":"status-publish","4":"has-post-thumbnail","6":"product_cat-10-tv-movies","7":"product_tag-alan-silvestri","9":"first","10":"instock","11":"virtual","12":"purchasable","13":"product-type-simple"},"acf":[],"_links":{"self":[{"href":"https:\/\/backingtracksmusic.com\/en\/wp-json\/wp\/v2\/product\/4403","targetHints":{"allow":["GET"]}}],"collection":[{"href":"https:\/\/backingtracksmusic.com\/en\/wp-json\/wp\/v2\/product"}],"about":[{"href":"https:\/\/backingtracksmusic.com\/en\/wp-json\/wp\/v2\/types\/product"}],"wp:featuredmedia":[{"embeddable":true,"href":"https:\/\/backingtracksmusic.com\/en\/wp-json\/wp\/v2\/media\/4404"}],"wp:attachment":[{"href":"https:\/\/backingtracksmusic.com\/en\/wp-json\/wp\/v2\/media?parent=4403"}],"wp:term":[{"taxonomy":"product_brand","embeddable":true,"href":"https:\/\/backingtracksmusic.com\/en\/wp-json\/wp\/v2\/product_brand?post=4403"},{"taxonomy":"product_cat","embeddable":true,"href":"https:\/\/backingtracksmusic.com\/en\/wp-json\/wp\/v2\/product_cat?post=4403"},{"taxonomy":"product_tag","embeddable":true,"href":"https:\/\/backingtracksmusic.com\/en\/wp-json\/wp\/v2\/product_tag?post=4403"}],"curies":[{"name":"wp","href":"https:\/\/api.w.org\/{rel}","templated":true}]}}