{"id":4387,"date":"2021-12-30T12:41:58","date_gmt":"2021-12-30T15:41:58","guid":{"rendered":"https:\/\/backingtracksmusic.com\/?post_type=product&#038;p=4387"},"modified":"2022-03-22T09:47:40","modified_gmt":"2022-03-22T12:47:40","slug":"adagio-secret-garden","status":"publish","type":"product","link":"https:\/\/backingtracksmusic.com\/en\/product\/adagio-secret-garden\/","title":{"rendered":"Adagio (secret garden)"},"content":{"rendered":"<h3>Information:<\/h3>\n<p><i><b>Songs from a Secret Garden<\/b><\/i>\u00a0es el primer \u00e1lbum internacional de\u00a0<a title=\"Secret Garden\" href=\"https:\/\/es.wikipedia.org\/wiki\/Secret_Garden\">Secret Garden<\/a>, publicado en 1996.<\/p>\n<p>En la gira de promoci\u00f3n del primer \u00e1lbum, Fionnuala Sherry tuvo un accidente que casi termina con su carrera. Despu\u00e9s de caer por una escalera, se rompi\u00f3 el hombro por dos sitios. Con dos operaciones quir\u00fargicas, sesiones de fisioterapia infinitas, y una abrazadera met\u00e1lica, fue capaz de tocar otra vez.<\/p>\n<p>&nbsp;<\/p>","protected":false},"excerpt":{"rendered":"<h3>Demo:<\/h3>\n<p><audio class=\"wp-audio-shortcode\" id=\"audio-4387-1\" preload=\"none\" style=\"width: 100%;\" controls=\"controls\"><source type=\"audio\/mpeg\" src=\"https:\/\/backingtracksmusic.com\/wp-content\/uploads\/2021\/12\/adagio-play-reference-DEMO.mp3?_=1\" \/><a href=\"https:\/\/backingtracksmusic.com\/wp-content\/uploads\/2021\/12\/adagio-play-reference-DEMO.mp3\">https:\/\/backingtracksmusic.com\/wp-content\/uploads\/2021\/12\/adagio-play-reference-DEMO.mp3<\/a><\/audio><\/p>\n<p><audio class=\"wp-audio-shortcode\" id=\"audio-4387-2\" preload=\"none\" style=\"width: 100%;\" controls=\"controls\"><source type=\"audio\/mpeg\" src=\"https:\/\/backingtracksmusic.com\/wp-content\/uploads\/2021\/12\/adagio-play-DEMO.mp3?_=2\" \/><a href=\"https:\/\/backingtracksmusic.com\/wp-content\/uploads\/2021\/12\/adagio-play-DEMO.mp3\">https:\/\/backingtracksmusic.com\/wp-content\/uploads\/2021\/12\/adagio-play-DEMO.mp3<\/a><\/audio><\/p>","protected":false},"featured_media":4388,"template":"","meta":{"_acf_changed":false},"product_brand":[],"product_cat":[103],"product_tag":[167],"class_list":{"0":"post-4387","1":"product","2":"type-product","3":"status-publish","4":"has-post-thumbnail","6":"product_cat-10-tv-movies","7":"product_tag-rolf-lovland","9":"first","10":"instock","11":"virtual","12":"purchasable","13":"product-type-simple"},"acf":[],"_links":{"self":[{"href":"https:\/\/backingtracksmusic.com\/en\/wp-json\/wp\/v2\/product\/4387","targetHints":{"allow":["GET"]}}],"collection":[{"href":"https:\/\/backingtracksmusic.com\/en\/wp-json\/wp\/v2\/product"}],"about":[{"href":"https:\/\/backingtracksmusic.com\/en\/wp-json\/wp\/v2\/types\/product"}],"wp:featuredmedia":[{"embeddable":true,"href":"https:\/\/backingtracksmusic.com\/en\/wp-json\/wp\/v2\/media\/4388"}],"wp:attachment":[{"href":"https:\/\/backingtracksmusic.com\/en\/wp-json\/wp\/v2\/media?parent=4387"}],"wp:term":[{"taxonomy":"product_brand","embeddable":true,"href":"https:\/\/backingtracksmusic.com\/en\/wp-json\/wp\/v2\/product_brand?post=4387"},{"taxonomy":"product_cat","embeddable":true,"href":"https:\/\/backingtracksmusic.com\/en\/wp-json\/wp\/v2\/product_cat?post=4387"},{"taxonomy":"product_tag","embeddable":true,"href":"https:\/\/backingtracksmusic.com\/en\/wp-json\/wp\/v2\/product_tag?post=4387"}],"curies":[{"name":"wp","href":"https:\/\/api.w.org\/{rel}","templated":true}]}}