{"id":4349,"date":"2021-12-29T20:16:38","date_gmt":"2021-12-29T23:16:38","guid":{"rendered":"https:\/\/backingtracksmusic.com\/?post_type=product&#038;p=4349"},"modified":"2022-03-22T09:47:55","modified_gmt":"2022-03-22T12:47:55","slug":"o-mio-babbino-caro-puccini-ab","status":"publish","type":"product","link":"https:\/\/backingtracksmusic.com\/en\/product\/o-mio-babbino-caro-puccini-ab\/","title":{"rendered":"O mio babbino caro (Puccini) Ab"},"content":{"rendered":"<h3>Information:<\/h3>\n<p><i><b>O mio babbino caro<\/b><\/i>\u00a0(<i>Oh, mi pap\u00e1 querido<\/i>) es un\u00a0<a title=\"Aria\" href=\"https:\/\/es.wikipedia.org\/wiki\/Aria\">aria<\/a>\u00a0de la\u00a0<a title=\"\u00d3pera\" href=\"https:\/\/es.wikipedia.org\/wiki\/%C3%93pera\">\u00f3pera<\/a>\u00a0<i><a title=\"Gianni Schicchi\" href=\"https:\/\/es.wikipedia.org\/wiki\/Gianni_Schicchi\">Gianni Schicchi<\/a><\/i>\u00a0(<a title=\"1918\" href=\"https:\/\/es.wikipedia.org\/wiki\/1918\">1918<\/a>),<sup id=\"cite_ref-1\" class=\"reference separada\"><\/sup>\u200b de\u00a0<a title=\"Giacomo Puccini\" href=\"https:\/\/es.wikipedia.org\/wiki\/Giacomo_Puccini\">Giacomo Puccini<\/a>\u00a0(m\u00fasica) y\u00a0<a class=\"new\" title=\"Giovacchino Forzano (a\u00fan no redactado)\" href=\"https:\/\/es.wikipedia.org\/w\/index.php?title=Giovacchino_Forzano&amp;action=edit&amp;redlink=1\">Giovacchino Forzano<\/a>\u00a0(<a title=\"Libreto\" href=\"https:\/\/es.wikipedia.org\/wiki\/Libreto\">libreto<\/a>). La canta el personaje &#8220;Lauretta&#8221;, despu\u00e9s de que las tensiones entre Schicchi y sus futuros suegros llegan a un punto de ruptura que amenaza con separarla de Rinuccio, el joven a quien ella ama. En la \u00f3pera, representa un contraste entre la expresi\u00f3n de la simplicidad l\u00edrica y la fusi\u00f3n de los amantes en un solo coraz\u00f3n, en medio de una atm\u00f3sfera de hipocres\u00eda, celos, doble negociaci\u00f3n y feudalismo en la\u00a0<a title=\"Florencia\" href=\"https:\/\/es.wikipedia.org\/wiki\/Florencia\">Florencia<\/a>\u00a0medieval, en la \u00fanica comedia de Puccini, aportando la \u00fanica pieza de situaci\u00f3n en una obra de estilo responsivo y conversacional.<\/p>","protected":false},"excerpt":{"rendered":"<h3>Demo:<\/h3>\n<div class=\"wp-playlist wp-audio-playlist wp-playlist-light\">\n<div class=\"wp-playlist-current-item\"><\/div>\n<p>\t\t<audio controls=\"controls\" preload=\"none\" width=\"1378\"\n\t\t\t><\/audio><\/p>\n<div class=\"wp-playlist-next\"><\/div>\n<div class=\"wp-playlist-prev\"><\/div>\n<p>\t<noscript><\/p>\n<ol>\n<li><a href='https:\/\/backingtracksmusic.com\/wp-content\/uploads\/2021\/12\/O-mio-babbino-caro-Ab-play-cello-referencia-DEMO.mp3'>O mio babbino caro Ab play + cello referencia DEMO<\/a><\/li>\n<li><a href='https:\/\/backingtracksmusic.com\/wp-content\/uploads\/2021\/12\/O-mio-babbino-caro-Ab-play-DEMO.mp3'>O mio babbino caro Ab play DEMO<\/a><\/li>\n<\/ol>\n<p>\t<\/noscript><br \/>\n\t<script type=\"application\/json\" class=\"wp-playlist-script\">{\"type\":\"audio\",\"tracklist\":true,\"tracknumbers\":true,\"images\":false,\"artists\":false,\"tracks\":[{\"src\":\"https:\/\/backingtracksmusic.com\/wp-content\/uploads\/2021\/12\/O-mio-babbino-caro-Ab-play-cello-referencia-DEMO.mp3\",\"type\":\"audio\/mpeg\",\"title\":\"O mio babbino caro Ab play + cello referencia DEMO\",\"caption\":\"\",\"description\":\"\\\"O mio babbino caro Ab play + cello referencia DEMO\\\". G\\u00e9nero: Otro.\",\"meta\":{\"genre\":\"Otro\",\"length_formatted\":\"1:03\"},\"image\":{\"src\":\"https:\/\/backingtracksmusic.com\/wp-includes\/images\/media\/audio.svg\",\"width\":48,\"height\":64},\"thumb\":{\"src\":\"https:\/\/backingtracksmusic.com\/wp-includes\/images\/media\/audio.svg\",\"width\":48,\"height\":64}},{\"src\":\"https:\/\/backingtracksmusic.com\/wp-content\/uploads\/2021\/12\/O-mio-babbino-caro-Ab-play-DEMO.mp3\",\"type\":\"audio\/mpeg\",\"title\":\"O mio babbino caro Ab play DEMO\",\"caption\":\"\",\"description\":\"\\\"O mio babbino caro Ab play DEMO\\\". G\\u00e9nero: Otro.\",\"meta\":{\"genre\":\"Otro\",\"length_formatted\":\"1:06\"},\"image\":{\"src\":\"https:\/\/backingtracksmusic.com\/wp-includes\/images\/media\/audio.svg\",\"width\":48,\"height\":64},\"thumb\":{\"src\":\"https:\/\/backingtracksmusic.com\/wp-includes\/images\/media\/audio.svg\",\"width\":48,\"height\":64}}]}<\/script>\n<\/div>","protected":false},"featured_media":4350,"template":"","meta":{"_acf_changed":false},"product_brand":[],"product_cat":[89],"product_tag":[241],"class_list":{"0":"post-4349","1":"product","2":"type-product","3":"status-publish","4":"has-post-thumbnail","6":"product_cat-04-clasica","7":"product_tag-giacomo-puccini","9":"first","10":"instock","11":"virtual","12":"purchasable","13":"product-type-simple"},"acf":[],"_links":{"self":[{"href":"https:\/\/backingtracksmusic.com\/en\/wp-json\/wp\/v2\/product\/4349","targetHints":{"allow":["GET"]}}],"collection":[{"href":"https:\/\/backingtracksmusic.com\/en\/wp-json\/wp\/v2\/product"}],"about":[{"href":"https:\/\/backingtracksmusic.com\/en\/wp-json\/wp\/v2\/types\/product"}],"wp:featuredmedia":[{"embeddable":true,"href":"https:\/\/backingtracksmusic.com\/en\/wp-json\/wp\/v2\/media\/4350"}],"wp:attachment":[{"href":"https:\/\/backingtracksmusic.com\/en\/wp-json\/wp\/v2\/media?parent=4349"}],"wp:term":[{"taxonomy":"product_brand","embeddable":true,"href":"https:\/\/backingtracksmusic.com\/en\/wp-json\/wp\/v2\/product_brand?post=4349"},{"taxonomy":"product_cat","embeddable":true,"href":"https:\/\/backingtracksmusic.com\/en\/wp-json\/wp\/v2\/product_cat?post=4349"},{"taxonomy":"product_tag","embeddable":true,"href":"https:\/\/backingtracksmusic.com\/en\/wp-json\/wp\/v2\/product_tag?post=4349"}],"curies":[{"name":"wp","href":"https:\/\/api.w.org\/{rel}","templated":true}]}}