{"id":4315,"date":"2021-12-29T19:48:28","date_gmt":"2021-12-29T22:48:28","guid":{"rendered":"https:\/\/backingtracksmusic.com\/?post_type=product&#038;p=4315"},"modified":"2022-03-22T09:48:09","modified_gmt":"2022-03-22T12:48:09","slug":"gymnopedie-n3","status":"publish","type":"product","link":"https:\/\/backingtracksmusic.com\/en\/product\/gymnopedie-n3\/","title":{"rendered":"Habanera Carmen  (Bizet)"},"content":{"rendered":"<h3>Information:<\/h3>\n<p>Carmen es una \u00f3pera dram\u00e1tica en cuatro actos con m\u00fasica de Georges Bizet y libreto en franc\u00e9s de Ludovic Hal\u00e9vy y Henri Meilhac, basado en la novela Carmen de Prosper M\u00e9rim\u00e9e, publicada por vez primera en 1845,\u200b la cual a su vez posiblemente estuviera influida por el poema narrativo Los gitanos (1824) de Aleksandr Pushkin.\u200b M\u00e9rim\u00e9e hab\u00eda le\u00eddo el poema en ruso en 1840 y lo tradujo al franc\u00e9s en 1852.<br \/>\nLa habanera \u00abL&#8217;amour est un oiseau rebelle\u00bb es una trascripci\u00f3n, con pocas variantes, de \u00abEl arreglito\u00bb de Sebasti\u00e1n Iradier. Bizet dijo haberla utilizado crey\u00e9ndola una melod\u00eda popular.<\/p>","protected":false},"excerpt":{"rendered":"<h3>Demo:<\/h3>\n<div class=\"wp-playlist wp-audio-playlist wp-playlist-light\">\n<div class=\"wp-playlist-current-item\"><\/div>\n<p>\t\t<audio controls=\"controls\" preload=\"none\" width=\"1378\"\n\t\t\t><\/audio><\/p>\n<div class=\"wp-playlist-next\"><\/div>\n<div class=\"wp-playlist-prev\"><\/div>\n<p>\t<noscript><\/p>\n<ol>\n<li><a href='https:\/\/backingtracksmusic.com\/wp-content\/uploads\/2021\/12\/Carmen-bizet-play-flute-reference-DEMO.mp3'>Carmen (bizet) play + flute reference DEMO<\/a><\/li>\n<li><a href='https:\/\/backingtracksmusic.com\/wp-content\/uploads\/2021\/12\/Carmen-bizet-play-DEMO.mp3'>Carmen (bizet) play DEMO<\/a><\/li>\n<\/ol>\n<p>\t<\/noscript><br \/>\n\t<script type=\"application\/json\" class=\"wp-playlist-script\">{\"type\":\"audio\",\"tracklist\":true,\"tracknumbers\":true,\"images\":false,\"artists\":false,\"tracks\":[{\"src\":\"https:\/\/backingtracksmusic.com\/wp-content\/uploads\/2021\/12\/Carmen-bizet-play-flute-reference-DEMO.mp3\",\"type\":\"audio\/mpeg\",\"title\":\"Carmen (bizet) play + flute reference DEMO\",\"caption\":\"\",\"description\":\"\\\"Carmen (bizet) play + flute reference DEMO\\\". G\\u00e9nero: Otro.\",\"meta\":{\"genre\":\"Otro\",\"length_formatted\":\"1:00\"},\"image\":{\"src\":\"https:\/\/backingtracksmusic.com\/wp-includes\/images\/media\/audio.svg\",\"width\":48,\"height\":64},\"thumb\":{\"src\":\"https:\/\/backingtracksmusic.com\/wp-includes\/images\/media\/audio.svg\",\"width\":48,\"height\":64}},{\"src\":\"https:\/\/backingtracksmusic.com\/wp-content\/uploads\/2021\/12\/Carmen-bizet-play-DEMO.mp3\",\"type\":\"audio\/mpeg\",\"title\":\"Carmen (bizet) play DEMO\",\"caption\":\"\",\"description\":\"\\\"Carmen (bizet) play DEMO\\\". G\\u00e9nero: Otro.\",\"meta\":{\"genre\":\"Otro\",\"length_formatted\":\"1:00\"},\"image\":{\"src\":\"https:\/\/backingtracksmusic.com\/wp-includes\/images\/media\/audio.svg\",\"width\":48,\"height\":64},\"thumb\":{\"src\":\"https:\/\/backingtracksmusic.com\/wp-includes\/images\/media\/audio.svg\",\"width\":48,\"height\":64}}]}<\/script>\n<\/div>","protected":false},"featured_media":4324,"template":"","meta":{"_acf_changed":false},"product_brand":[],"product_cat":[89],"product_tag":[237],"class_list":{"0":"post-4315","1":"product","2":"type-product","3":"status-publish","4":"has-post-thumbnail","6":"product_cat-04-clasica","7":"product_tag-georges-bizet","9":"first","10":"instock","11":"virtual","12":"purchasable","13":"product-type-simple"},"acf":[],"_links":{"self":[{"href":"https:\/\/backingtracksmusic.com\/en\/wp-json\/wp\/v2\/product\/4315","targetHints":{"allow":["GET"]}}],"collection":[{"href":"https:\/\/backingtracksmusic.com\/en\/wp-json\/wp\/v2\/product"}],"about":[{"href":"https:\/\/backingtracksmusic.com\/en\/wp-json\/wp\/v2\/types\/product"}],"wp:featuredmedia":[{"embeddable":true,"href":"https:\/\/backingtracksmusic.com\/en\/wp-json\/wp\/v2\/media\/4324"}],"wp:attachment":[{"href":"https:\/\/backingtracksmusic.com\/en\/wp-json\/wp\/v2\/media?parent=4315"}],"wp:term":[{"taxonomy":"product_brand","embeddable":true,"href":"https:\/\/backingtracksmusic.com\/en\/wp-json\/wp\/v2\/product_brand?post=4315"},{"taxonomy":"product_cat","embeddable":true,"href":"https:\/\/backingtracksmusic.com\/en\/wp-json\/wp\/v2\/product_cat?post=4315"},{"taxonomy":"product_tag","embeddable":true,"href":"https:\/\/backingtracksmusic.com\/en\/wp-json\/wp\/v2\/product_tag?post=4315"}],"curies":[{"name":"wp","href":"https:\/\/api.w.org\/{rel}","templated":true}]}}