{"id":4207,"date":"2021-12-29T15:06:50","date_gmt":"2021-12-29T18:06:50","guid":{"rendered":"https:\/\/backingtracksmusic.com\/?post_type=product&#038;p=4207"},"modified":"2022-03-22T09:48:32","modified_gmt":"2022-03-22T12:48:32","slug":"the-first-noel","status":"publish","type":"product","link":"https:\/\/backingtracksmusic.com\/en\/product\/the-first-noel\/","title":{"rendered":"The first Noel"},"content":{"rendered":"<h3>Information:<\/h3>\n<p>The first noel es un villancico navide\u00f1o ingl\u00e9s tradicional, proveniente muy probablemente del siglo XVII, aunque tambi\u00e9n es posible que sea anterior, del siglo XIII<br \/>\nEn su forma actual, es original de Cornualles, y se public\u00f3 por vez primera en Carols Ancient and Modern (1823) y Gilbert and Sandys Carols (1833), ambos editados por William Sandys y arreglados, editados y con letra adicional de Davies Gilbert para Hymns and Carols of God. Hoy en d\u00eda, se interpreta habitualmente a cuatro voces, con el arreglo del compositor ingl\u00e9s John Stainer, publicado por primera vez en su obra Carols, New and Old, en 1871.2\u200b Las variaciones de su tema est\u00e1n incluidas en la Carol Symphony, de Victor Hely-Hutchinson.<\/p>\n<p>&nbsp;<\/p>\n<p>&nbsp;<\/p>\n<p>&nbsp;<\/p>","protected":false},"excerpt":{"rendered":"<h3>Demo:<\/h3>\n<div class=\"wp-playlist wp-audio-playlist wp-playlist-light\">\n<div class=\"wp-playlist-current-item\"><\/div>\n<p>\t\t<audio controls=\"controls\" preload=\"none\" width=\"1378\"\n\t\t\t><\/audio><\/p>\n<div class=\"wp-playlist-next\"><\/div>\n<div class=\"wp-playlist-prev\"><\/div>\n<p>\t<noscript><\/p>\n<ol>\n<li><a href='https:\/\/backingtracksmusic.com\/wp-content\/uploads\/2021\/12\/The-fist-noel-play-demo.mp3'>The fist noel play demo<\/a><\/li>\n<li><a href='https:\/\/backingtracksmusic.com\/wp-content\/uploads\/2021\/12\/The-fist-noel-play-referencia-flute-demo.mp3'>The fist noel play + referencia flute demo<\/a><\/li>\n<\/ol>\n<p>\t<\/noscript><br \/>\n\t<script type=\"application\/json\" class=\"wp-playlist-script\">{\"type\":\"audio\",\"tracklist\":true,\"tracknumbers\":true,\"images\":false,\"artists\":false,\"tracks\":[{\"src\":\"https:\/\/backingtracksmusic.com\/wp-content\/uploads\/2021\/12\/The-fist-noel-play-demo.mp3\",\"type\":\"audio\/mpeg\",\"title\":\"The fist noel play demo\",\"caption\":\"\",\"description\":\"\\\"The fist noel play demo\\\". G\\u00e9nero: Otro.\",\"meta\":{\"genre\":\"Otro\",\"length_formatted\":\"1:15\"},\"image\":{\"src\":\"https:\/\/backingtracksmusic.com\/wp-includes\/images\/media\/audio.svg\",\"width\":48,\"height\":64},\"thumb\":{\"src\":\"https:\/\/backingtracksmusic.com\/wp-includes\/images\/media\/audio.svg\",\"width\":48,\"height\":64}},{\"src\":\"https:\/\/backingtracksmusic.com\/wp-content\/uploads\/2021\/12\/The-fist-noel-play-referencia-flute-demo.mp3\",\"type\":\"audio\/mpeg\",\"title\":\"The fist noel play + referencia flute demo\",\"caption\":\"\",\"description\":\"\\\"The fist noel play + referencia flute demo\\\". G\\u00e9nero: Otro.\",\"meta\":{\"genre\":\"Otro\",\"length_formatted\":\"1:24\"},\"image\":{\"src\":\"https:\/\/backingtracksmusic.com\/wp-includes\/images\/media\/audio.svg\",\"width\":48,\"height\":64},\"thumb\":{\"src\":\"https:\/\/backingtracksmusic.com\/wp-includes\/images\/media\/audio.svg\",\"width\":48,\"height\":64}}]}<\/script>\n<\/div>","protected":false},"featured_media":4208,"template":"","meta":{"_acf_changed":false},"product_brand":[],"product_cat":[102],"product_tag":[225],"class_list":{"0":"post-4207","1":"product","2":"type-product","3":"status-publish","4":"has-post-thumbnail","6":"product_cat-17-christmas-songs","7":"product_tag-tratitional-christmas","9":"first","10":"instock","11":"virtual","12":"purchasable","13":"product-type-simple"},"acf":[],"_links":{"self":[{"href":"https:\/\/backingtracksmusic.com\/en\/wp-json\/wp\/v2\/product\/4207","targetHints":{"allow":["GET"]}}],"collection":[{"href":"https:\/\/backingtracksmusic.com\/en\/wp-json\/wp\/v2\/product"}],"about":[{"href":"https:\/\/backingtracksmusic.com\/en\/wp-json\/wp\/v2\/types\/product"}],"wp:featuredmedia":[{"embeddable":true,"href":"https:\/\/backingtracksmusic.com\/en\/wp-json\/wp\/v2\/media\/4208"}],"wp:attachment":[{"href":"https:\/\/backingtracksmusic.com\/en\/wp-json\/wp\/v2\/media?parent=4207"}],"wp:term":[{"taxonomy":"product_brand","embeddable":true,"href":"https:\/\/backingtracksmusic.com\/en\/wp-json\/wp\/v2\/product_brand?post=4207"},{"taxonomy":"product_cat","embeddable":true,"href":"https:\/\/backingtracksmusic.com\/en\/wp-json\/wp\/v2\/product_cat?post=4207"},{"taxonomy":"product_tag","embeddable":true,"href":"https:\/\/backingtracksmusic.com\/en\/wp-json\/wp\/v2\/product_tag?post=4207"}],"curies":[{"name":"wp","href":"https:\/\/api.w.org\/{rel}","templated":true}]}}