{"id":4203,"date":"2021-12-29T14:55:52","date_gmt":"2021-12-29T17:55:52","guid":{"rendered":"https:\/\/backingtracksmusic.com\/?post_type=product&#038;p=4203"},"modified":"2022-03-22T09:48:32","modified_gmt":"2022-03-22T12:48:32","slug":"silent-night-2","status":"publish","type":"product","link":"https:\/\/backingtracksmusic.com\/en\/product\/silent-night-2\/","title":{"rendered":"Silent night 2"},"content":{"rendered":"<h3>Information:<\/h3>\n<p><i><b>Noche de paz, noche de amor<\/b><\/i>\u00a0(<i>Stille Nacht, heilige Nacht<\/i>) es un conocido\u00a0<a title=\"Villancico navide\u00f1o\" href=\"https:\/\/es.wikipedia.org\/wiki\/Villancico_navide%C3%B1o\">villancico<\/a>\u00a0<a class=\"mw-redirect\" title=\"Austriaco\" href=\"https:\/\/es.wikipedia.org\/wiki\/Austriaco\">austriaco<\/a>\u00a0compuesto originalmente en\u00a0<a title=\"Idioma alem\u00e1n\" href=\"https:\/\/es.wikipedia.org\/wiki\/Idioma_alem%C3%A1n\">alem\u00e1n<\/a>\u00a0por el maestro de escuela y organista\u00a0<a class=\"mw-redirect\" title=\"Austriaco\" href=\"https:\/\/es.wikipedia.org\/wiki\/Austriaco\">austriaco<\/a>\u00a0<a title=\"Franz Xaver Gruber\" href=\"https:\/\/es.wikipedia.org\/wiki\/Franz_Xaver_Gruber\">Franz Xaver Gruber<\/a>, la letra fue realizada por el sacerdote\u00a0<a title=\"Austria\" href=\"https:\/\/es.wikipedia.org\/wiki\/Austria\">austriaco<\/a>\u00a0<a title=\"Joseph Mohr\" href=\"https:\/\/es.wikipedia.org\/wiki\/Joseph_Mohr\">Joseph Mohr<\/a>.<\/p>\n<p>Fue declarado\u00a0<a title=\"Patrimonio cultural inmaterial de la Humanidad\" href=\"https:\/\/es.wikipedia.org\/wiki\/Patrimonio_cultural_inmaterial_de_la_Humanidad\">Patrimonio cultural inmaterial de la Humanidad<\/a>\u00a0en el 2011 la canci\u00f3n ha sido grabada por muchos cantantes y en diversos g\u00e9neros musicales, la versi\u00f3n de\u00a0<a title=\"Bing Crosby\" href=\"https:\/\/es.wikipedia.org\/wiki\/Bing_Crosby\">Bing Crosby<\/a>\u00a0es la m\u00e1s popular en todo el mundo siendo el tercer sencillo m\u00e1s vendido de la historia.<\/p>\n<p>La m\u00fasica que se interpreta en la actualidad difiere levemente de la original de Gruber, particularmente en las notas finales.<\/p>\n<p>&nbsp;<\/p>\n<p>&nbsp;<\/p>\n<p>&nbsp;<\/p>","protected":false},"excerpt":{"rendered":"<h3>Demo:<\/h3>\n<div class=\"wp-playlist wp-audio-playlist wp-playlist-light\">\n<div class=\"wp-playlist-current-item\"><\/div>\n<p>\t\t<audio controls=\"controls\" preload=\"none\" width=\"1378\"\n\t\t\t><\/audio><\/p>\n<div class=\"wp-playlist-next\"><\/div>\n<div class=\"wp-playlist-prev\"><\/div>\n<p>\t<noscript><\/p>\n<ol>\n<li><a href='https:\/\/backingtracksmusic.com\/wp-content\/uploads\/2021\/12\/Silent-night-G-pianopad-play-reference-demo.mp3'>Silent night G piano+pad play + reference demo<\/a><\/li>\n<li><a href='https:\/\/backingtracksmusic.com\/wp-content\/uploads\/2021\/12\/Silent-night-G-pianopad-play-demo.mp3'>Silent night G piano+pad play demo<\/a><\/li>\n<\/ol>\n<p>\t<\/noscript><br \/>\n\t<script type=\"application\/json\" class=\"wp-playlist-script\">{\"type\":\"audio\",\"tracklist\":true,\"tracknumbers\":true,\"images\":false,\"artists\":false,\"tracks\":[{\"src\":\"https:\/\/backingtracksmusic.com\/wp-content\/uploads\/2021\/12\/Silent-night-G-pianopad-play-reference-demo.mp3\",\"type\":\"audio\/mpeg\",\"title\":\"Silent night G piano+pad play + reference demo\",\"caption\":\"\",\"description\":\"\\\"Silent night G piano+pad play + reference demo\\\". G\\u00e9nero: Other.\",\"meta\":{\"genre\":\"Other\",\"length_formatted\":\"0:54\"},\"image\":{\"src\":\"https:\/\/backingtracksmusic.com\/wp-includes\/images\/media\/audio.svg\",\"width\":48,\"height\":64},\"thumb\":{\"src\":\"https:\/\/backingtracksmusic.com\/wp-includes\/images\/media\/audio.svg\",\"width\":48,\"height\":64}},{\"src\":\"https:\/\/backingtracksmusic.com\/wp-content\/uploads\/2021\/12\/Silent-night-G-pianopad-play-demo.mp3\",\"type\":\"audio\/mpeg\",\"title\":\"Silent night G piano+pad play demo\",\"caption\":\"\",\"description\":\"\\\"Silent night G piano+pad play demo\\\". G\\u00e9nero: Other.\",\"meta\":{\"genre\":\"Other\",\"length_formatted\":\"0:59\"},\"image\":{\"src\":\"https:\/\/backingtracksmusic.com\/wp-includes\/images\/media\/audio.svg\",\"width\":48,\"height\":64},\"thumb\":{\"src\":\"https:\/\/backingtracksmusic.com\/wp-includes\/images\/media\/audio.svg\",\"width\":48,\"height\":64}}]}<\/script>\n<\/div>","protected":false},"featured_media":4204,"template":"","meta":{"_acf_changed":false},"product_brand":[],"product_cat":[102],"product_tag":[224],"class_list":{"0":"post-4203","1":"product","2":"type-product","3":"status-publish","4":"has-post-thumbnail","6":"product_cat-17-christmas-songs","7":"product_tag-franz-gruber","9":"first","10":"instock","11":"virtual","12":"purchasable","13":"product-type-simple"},"acf":[],"_links":{"self":[{"href":"https:\/\/backingtracksmusic.com\/en\/wp-json\/wp\/v2\/product\/4203","targetHints":{"allow":["GET"]}}],"collection":[{"href":"https:\/\/backingtracksmusic.com\/en\/wp-json\/wp\/v2\/product"}],"about":[{"href":"https:\/\/backingtracksmusic.com\/en\/wp-json\/wp\/v2\/types\/product"}],"wp:featuredmedia":[{"embeddable":true,"href":"https:\/\/backingtracksmusic.com\/en\/wp-json\/wp\/v2\/media\/4204"}],"wp:attachment":[{"href":"https:\/\/backingtracksmusic.com\/en\/wp-json\/wp\/v2\/media?parent=4203"}],"wp:term":[{"taxonomy":"product_brand","embeddable":true,"href":"https:\/\/backingtracksmusic.com\/en\/wp-json\/wp\/v2\/product_brand?post=4203"},{"taxonomy":"product_cat","embeddable":true,"href":"https:\/\/backingtracksmusic.com\/en\/wp-json\/wp\/v2\/product_cat?post=4203"},{"taxonomy":"product_tag","embeddable":true,"href":"https:\/\/backingtracksmusic.com\/en\/wp-json\/wp\/v2\/product_tag?post=4203"}],"curies":[{"name":"wp","href":"https:\/\/api.w.org\/{rel}","templated":true}]}}