{"id":4187,"date":"2021-12-29T14:37:58","date_gmt":"2021-12-29T17:37:58","guid":{"rendered":"https:\/\/backingtracksmusic.com\/?post_type=product&#038;p=4187"},"modified":"2022-03-22T09:48:39","modified_gmt":"2022-03-22T12:48:39","slug":"have-yourself-a-marry-little-christmas","status":"publish","type":"product","link":"https:\/\/backingtracksmusic.com\/en\/product\/have-yourself-a-marry-little-christmas\/","title":{"rendered":"Have yourself a marry little Christmas"},"content":{"rendered":"<h3>Information:<\/h3>\n<p>Have Yourself a Merry Little Christmas es una canci\u00f3n compuesta por Hugh Martin y Ralph Blane en 1944 para la pel\u00edcula musical Cita en San Luis, donde era cantada por Judy Garland. Junto con The Trolley Song y The Boy Next Door es una de las tres canciones originales m\u00e1s populares de la pel\u00edcula, adem\u00e1s de Skip To My Lou que es una canci\u00f3n del siglo XIX.<\/p>\n<p>Posteriormente, Frank Sinatra tambi\u00e9n la interpret\u00f3, para lo que cambi\u00f3 la letra. La canci\u00f3n fue incluida en la famosa lista de 100 canciones m\u00e1s representativas del cine estadounidense, donde se situ\u00f3 en el puesto n\u00ba 76.<\/p>\n<p>&nbsp;<\/p>\n<p>&nbsp;<\/p>","protected":false},"excerpt":{"rendered":"<h3>Demo:<\/h3>\n<div class=\"wp-playlist wp-audio-playlist wp-playlist-light\">\n<div class=\"wp-playlist-current-item\"><\/div>\n<p>\t\t<audio controls=\"controls\" preload=\"none\" width=\"1378\"\n\t\t\t><\/audio><\/p>\n<div class=\"wp-playlist-next\"><\/div>\n<div class=\"wp-playlist-prev\"><\/div>\n<p>\t<noscript><\/p>\n<ol>\n<li><a href='https:\/\/backingtracksmusic.com\/wp-content\/uploads\/2021\/12\/Have-yourself-a-merry-little-christmas-C-play-reference-cello-DEMO.mp3'>Have yourself a merry little christmas C play + reference cello DEMO<\/a><\/li>\n<li><a href='https:\/\/backingtracksmusic.com\/wp-content\/uploads\/2021\/12\/Have-yourself-a-merry-little-christmas-C-play-DEMO.mp3'>Have yourself a merry little christmas C play DEMO<\/a><\/li>\n<\/ol>\n<p>\t<\/noscript><br \/>\n\t<script type=\"application\/json\" class=\"wp-playlist-script\">{\"type\":\"audio\",\"tracklist\":true,\"tracknumbers\":true,\"images\":false,\"artists\":false,\"tracks\":[{\"src\":\"https:\/\/backingtracksmusic.com\/wp-content\/uploads\/2021\/12\/Have-yourself-a-merry-little-christmas-C-play-reference-cello-DEMO.mp3\",\"type\":\"audio\/mpeg\",\"title\":\"Have yourself a merry little christmas C play + reference cello DEMO\",\"caption\":\"\",\"description\":\"\\\"Have yourself a merry little christmas C play + reference cello DEMO\\\". G\\u00e9nero: Otro.\",\"meta\":{\"genre\":\"Otro\",\"length_formatted\":\"1:14\"},\"image\":{\"src\":\"https:\/\/backingtracksmusic.com\/wp-includes\/images\/media\/audio.svg\",\"width\":48,\"height\":64},\"thumb\":{\"src\":\"https:\/\/backingtracksmusic.com\/wp-includes\/images\/media\/audio.svg\",\"width\":48,\"height\":64}},{\"src\":\"https:\/\/backingtracksmusic.com\/wp-content\/uploads\/2021\/12\/Have-yourself-a-merry-little-christmas-C-play-DEMO.mp3\",\"type\":\"audio\/mpeg\",\"title\":\"Have yourself a merry little christmas C play DEMO\",\"caption\":\"\",\"description\":\"\\\"Have yourself a merry little christmas C play DEMO\\\". G\\u00e9nero: Otro.\",\"meta\":{\"genre\":\"Otro\",\"length_formatted\":\"1:34\"},\"image\":{\"src\":\"https:\/\/backingtracksmusic.com\/wp-includes\/images\/media\/audio.svg\",\"width\":48,\"height\":64},\"thumb\":{\"src\":\"https:\/\/backingtracksmusic.com\/wp-includes\/images\/media\/audio.svg\",\"width\":48,\"height\":64}}]}<\/script>\n<\/div>","protected":false},"featured_media":4188,"template":"","meta":{"_acf_changed":false},"product_brand":[],"product_cat":[102],"product_tag":[221,220],"class_list":{"0":"post-4187","1":"product","2":"type-product","3":"status-publish","4":"has-post-thumbnail","6":"product_cat-17-christmas-songs","7":"product_tag-hugh-martin","8":"product_tag-ralph-blane","10":"first","11":"instock","12":"virtual","13":"purchasable","14":"product-type-simple"},"acf":[],"_links":{"self":[{"href":"https:\/\/backingtracksmusic.com\/en\/wp-json\/wp\/v2\/product\/4187","targetHints":{"allow":["GET"]}}],"collection":[{"href":"https:\/\/backingtracksmusic.com\/en\/wp-json\/wp\/v2\/product"}],"about":[{"href":"https:\/\/backingtracksmusic.com\/en\/wp-json\/wp\/v2\/types\/product"}],"wp:featuredmedia":[{"embeddable":true,"href":"https:\/\/backingtracksmusic.com\/en\/wp-json\/wp\/v2\/media\/4188"}],"wp:attachment":[{"href":"https:\/\/backingtracksmusic.com\/en\/wp-json\/wp\/v2\/media?parent=4187"}],"wp:term":[{"taxonomy":"product_brand","embeddable":true,"href":"https:\/\/backingtracksmusic.com\/en\/wp-json\/wp\/v2\/product_brand?post=4187"},{"taxonomy":"product_cat","embeddable":true,"href":"https:\/\/backingtracksmusic.com\/en\/wp-json\/wp\/v2\/product_cat?post=4187"},{"taxonomy":"product_tag","embeddable":true,"href":"https:\/\/backingtracksmusic.com\/en\/wp-json\/wp\/v2\/product_tag?post=4187"}],"curies":[{"name":"wp","href":"https:\/\/api.w.org\/{rel}","templated":true}]}}