{"id":4098,"date":"2021-12-28T19:21:08","date_gmt":"2021-12-28T22:21:08","guid":{"rendered":"https:\/\/backingtracksmusic.com\/?post_type=product&#038;p=4098"},"modified":"2022-03-22T09:49:08","modified_gmt":"2022-03-22T12:49:08","slug":"la-bella-y-la-bestia","status":"publish","type":"product","link":"https:\/\/backingtracksmusic.com\/en\/product\/la-bella-y-la-bestia\/","title":{"rendered":"La bella y la bestia"},"content":{"rendered":"<h3>Information:<\/h3>\n<p>La bella y la bestia (The beauty and the beast) es un musical con libreto de Linda Woolverton, m\u00fasica de Alan Menken y letras de Howard Ashman y Tim Rice, basado en la pel\u00edcula hom\u00f3nima de Disney, que a su vez es una adaptaci\u00f3n del cuento de hadas franc\u00e9s escrito por Jeanne-Marie Leprince de Beaumont en el siglo XVIII.La versi\u00f3n teatral de La bella y la bestia incluye varias canciones de Alan Menken que no aparec\u00edan en la pel\u00edcula original.<\/p>\n<p>&nbsp;<\/p>\n<p>&nbsp;<\/p>","protected":false},"excerpt":{"rendered":"<h3>Demo:<\/h3>\n<div class=\"wp-playlist wp-audio-playlist wp-playlist-light\">\n<div class=\"wp-playlist-current-item\"><\/div>\n<p>\t\t<audio controls=\"controls\" preload=\"none\" width=\"1378\"\n\t\t\t><\/audio><\/p>\n<div class=\"wp-playlist-next\"><\/div>\n<div class=\"wp-playlist-prev\"><\/div>\n<p>\t<noscript><\/p>\n<ol>\n<li><a href='https:\/\/backingtracksmusic.com\/wp-content\/uploads\/2021\/12\/Beauty-piano-play-referencia-flute-DEMO.mp3'>Beauty piano play + referencia flute DEMO<\/a><\/li>\n<li><a href='https:\/\/backingtracksmusic.com\/wp-content\/uploads\/2021\/12\/Beauty-piano-PLAY-DEMO.mp3'>Beauty piano PLAY DEMO<\/a><\/li>\n<\/ol>\n<p>\t<\/noscript><br \/>\n\t<script type=\"application\/json\" class=\"wp-playlist-script\">{\"type\":\"audio\",\"tracklist\":true,\"tracknumbers\":true,\"images\":false,\"artists\":false,\"tracks\":[{\"src\":\"https:\/\/backingtracksmusic.com\/wp-content\/uploads\/2021\/12\/Beauty-piano-play-referencia-flute-DEMO.mp3\",\"type\":\"audio\/mpeg\",\"title\":\"Beauty piano play + referencia flute DEMO\",\"caption\":\"\",\"description\":\"\\\"Beauty piano play + referencia flute DEMO\\\". G\\u00e9nero: Otro.\",\"meta\":{\"genre\":\"Otro\",\"length_formatted\":\"1:51\"},\"image\":{\"src\":\"https:\/\/backingtracksmusic.com\/wp-includes\/images\/media\/audio.svg\",\"width\":48,\"height\":64},\"thumb\":{\"src\":\"https:\/\/backingtracksmusic.com\/wp-includes\/images\/media\/audio.svg\",\"width\":48,\"height\":64}},{\"src\":\"https:\/\/backingtracksmusic.com\/wp-content\/uploads\/2021\/12\/Beauty-piano-PLAY-DEMO.mp3\",\"type\":\"audio\/mpeg\",\"title\":\"Beauty piano PLAY DEMO\",\"caption\":\"\",\"description\":\"\\\"Beauty piano PLAY DEMO\\\". G\\u00e9nero: Otro.\",\"meta\":{\"genre\":\"Otro\",\"length_formatted\":\"1:39\"},\"image\":{\"src\":\"https:\/\/backingtracksmusic.com\/wp-includes\/images\/media\/audio.svg\",\"width\":48,\"height\":64},\"thumb\":{\"src\":\"https:\/\/backingtracksmusic.com\/wp-includes\/images\/media\/audio.svg\",\"width\":48,\"height\":64}}]}<\/script>\n<\/div>","protected":false},"featured_media":4099,"template":"","meta":{"_acf_changed":false},"product_brand":[],"product_cat":[90,93],"product_tag":[204],"class_list":{"0":"post-4098","1":"product","2":"type-product","3":"status-publish","4":"has-post-thumbnail","6":"product_cat-05-disney","7":"product_cat-08-musicales","8":"product_tag-alan-menken","10":"first","11":"instock","12":"virtual","13":"purchasable","14":"product-type-simple"},"acf":[],"_links":{"self":[{"href":"https:\/\/backingtracksmusic.com\/en\/wp-json\/wp\/v2\/product\/4098","targetHints":{"allow":["GET"]}}],"collection":[{"href":"https:\/\/backingtracksmusic.com\/en\/wp-json\/wp\/v2\/product"}],"about":[{"href":"https:\/\/backingtracksmusic.com\/en\/wp-json\/wp\/v2\/types\/product"}],"wp:featuredmedia":[{"embeddable":true,"href":"https:\/\/backingtracksmusic.com\/en\/wp-json\/wp\/v2\/media\/4099"}],"wp:attachment":[{"href":"https:\/\/backingtracksmusic.com\/en\/wp-json\/wp\/v2\/media?parent=4098"}],"wp:term":[{"taxonomy":"product_brand","embeddable":true,"href":"https:\/\/backingtracksmusic.com\/en\/wp-json\/wp\/v2\/product_brand?post=4098"},{"taxonomy":"product_cat","embeddable":true,"href":"https:\/\/backingtracksmusic.com\/en\/wp-json\/wp\/v2\/product_cat?post=4098"},{"taxonomy":"product_tag","embeddable":true,"href":"https:\/\/backingtracksmusic.com\/en\/wp-json\/wp\/v2\/product_tag?post=4098"}],"curies":[{"name":"wp","href":"https:\/\/api.w.org\/{rel}","templated":true}]}}