{"id":4090,"date":"2021-12-28T19:12:29","date_gmt":"2021-12-28T22:12:29","guid":{"rendered":"https:\/\/backingtracksmusic.com\/?post_type=product&#038;p=4090"},"modified":"2022-03-22T09:49:08","modified_gmt":"2022-03-22T12:49:08","slug":"dos-gardenias","status":"publish","type":"product","link":"https:\/\/backingtracksmusic.com\/en\/product\/dos-gardenias\/","title":{"rendered":"Dos gardenias"},"content":{"rendered":"<h3>Information:<\/h3>\n<p>&#8220;Dos gardenias&#8221; es un bolero escrito en 1945 por la compositora y pianista cubana Isolina Carrillo (1907-1996).\u200b Ampliamente considerada como un est\u00e1ndar del repertorio de m\u00fasica latina, la canci\u00f3n se convirti\u00f3 en un \u00e9xito para Daniel Santos en 1948, debido a su grabaci\u00f3n con La Sonora Matancera, con los arreglos de P\u00e9rez Prado.3\u200b4\u200b A\u00f1os m\u00e1s tarde, la composici\u00f3n alcanzar\u00eda fama internacional m\u00e1s all\u00e1 del mundo de habla hispana, gracias a la grabaci\u00f3n de Omara Portuondo e Ibrahim Ferrer en 1996 con el colectivo Buena Vista Social Club.<\/p>\n<p>&nbsp;<\/p>\n<p>&nbsp;<\/p>","protected":false},"excerpt":{"rendered":"<h3>Demo:<\/h3>\n<div class=\"wp-playlist wp-audio-playlist wp-playlist-light\">\n<div class=\"wp-playlist-current-item\"><\/div>\n<p>\t\t<audio controls=\"controls\" preload=\"none\" width=\"1378\"\n\t\t\t><\/audio><\/p>\n<div class=\"wp-playlist-next\"><\/div>\n<div class=\"wp-playlist-prev\"><\/div>\n<p>\t<noscript><\/p>\n<ol>\n<li><a href='https:\/\/backingtracksmusic.com\/wp-content\/uploads\/2021\/12\/Dos-gardenias-Gm-play-full-referencia-flute-DEMO.mp3'>Dos gardenias Gm play full + referencia flute DEMO<\/a><\/li>\n<li><a href='https:\/\/backingtracksmusic.com\/wp-content\/uploads\/2021\/12\/Dos-gardenias-Gm-play-full-DEMO.mp3'>Dos gardenias Gm play full DEMO<\/a><\/li>\n<\/ol>\n<p>\t<\/noscript><br \/>\n\t<script type=\"application\/json\" class=\"wp-playlist-script\">{\"type\":\"audio\",\"tracklist\":true,\"tracknumbers\":true,\"images\":false,\"artists\":false,\"tracks\":[{\"src\":\"https:\/\/backingtracksmusic.com\/wp-content\/uploads\/2021\/12\/Dos-gardenias-Gm-play-full-referencia-flute-DEMO.mp3\",\"type\":\"audio\/mpeg\",\"title\":\"Dos gardenias Gm play full + referencia flute DEMO\",\"caption\":\"\",\"description\":\"\\\"Dos gardenias Gm play full + referencia flute DEMO\\\". G\\u00e9nero: Otro.\",\"meta\":{\"genre\":\"Otro\",\"length_formatted\":\"1:37\"},\"image\":{\"src\":\"https:\/\/backingtracksmusic.com\/wp-includes\/images\/media\/audio.svg\",\"width\":48,\"height\":64},\"thumb\":{\"src\":\"https:\/\/backingtracksmusic.com\/wp-includes\/images\/media\/audio.svg\",\"width\":48,\"height\":64}},{\"src\":\"https:\/\/backingtracksmusic.com\/wp-content\/uploads\/2021\/12\/Dos-gardenias-Gm-play-full-DEMO.mp3\",\"type\":\"audio\/mpeg\",\"title\":\"Dos gardenias Gm play full DEMO\",\"caption\":\"\",\"description\":\"\\\"Dos gardenias Gm play full DEMO\\\". G\\u00e9nero: Otro.\",\"meta\":{\"genre\":\"Otro\",\"length_formatted\":\"1:12\"},\"image\":{\"src\":\"https:\/\/backingtracksmusic.com\/wp-includes\/images\/media\/audio.svg\",\"width\":48,\"height\":64},\"thumb\":{\"src\":\"https:\/\/backingtracksmusic.com\/wp-includes\/images\/media\/audio.svg\",\"width\":48,\"height\":64}}]}<\/script>\n<\/div>","protected":false},"featured_media":4091,"template":"","meta":{"_acf_changed":false},"product_brand":[],"product_cat":[88],"product_tag":[203],"class_list":{"0":"post-4090","1":"product","2":"type-product","3":"status-publish","4":"has-post-thumbnail","6":"product_cat-03-boleros","7":"product_tag-isolina-carrillo","9":"first","10":"instock","11":"virtual","12":"purchasable","13":"product-type-simple"},"acf":[],"_links":{"self":[{"href":"https:\/\/backingtracksmusic.com\/en\/wp-json\/wp\/v2\/product\/4090","targetHints":{"allow":["GET"]}}],"collection":[{"href":"https:\/\/backingtracksmusic.com\/en\/wp-json\/wp\/v2\/product"}],"about":[{"href":"https:\/\/backingtracksmusic.com\/en\/wp-json\/wp\/v2\/types\/product"}],"wp:featuredmedia":[{"embeddable":true,"href":"https:\/\/backingtracksmusic.com\/en\/wp-json\/wp\/v2\/media\/4091"}],"wp:attachment":[{"href":"https:\/\/backingtracksmusic.com\/en\/wp-json\/wp\/v2\/media?parent=4090"}],"wp:term":[{"taxonomy":"product_brand","embeddable":true,"href":"https:\/\/backingtracksmusic.com\/en\/wp-json\/wp\/v2\/product_brand?post=4090"},{"taxonomy":"product_cat","embeddable":true,"href":"https:\/\/backingtracksmusic.com\/en\/wp-json\/wp\/v2\/product_cat?post=4090"},{"taxonomy":"product_tag","embeddable":true,"href":"https:\/\/backingtracksmusic.com\/en\/wp-json\/wp\/v2\/product_tag?post=4090"}],"curies":[{"name":"wp","href":"https:\/\/api.w.org\/{rel}","templated":true}]}}