{"id":4085,"date":"2021-12-28T19:07:18","date_gmt":"2021-12-28T22:07:18","guid":{"rendered":"https:\/\/backingtracksmusic.com\/?post_type=product&#038;p=4085"},"modified":"2022-03-22T09:49:15","modified_gmt":"2022-03-22T12:49:15","slug":"besame-mucho","status":"publish","type":"product","link":"https:\/\/backingtracksmusic.com\/en\/product\/besame-mucho\/","title":{"rendered":"Besame mucho"},"content":{"rendered":"<h3>Information:<\/h3>\n<p>B\u00e9same mucho\u00bb es el t\u00edtulo de una canci\u00f3n escrita en 1932 y estrenada en 1940 por la pianista y compositora mexicana Consuelito Vel\u00e1zquez (1916-2005). Es ampliamente considerada una de las canciones m\u00e1s populares del siglo XX y de todos los tiempos. Adem\u00e1s es uno de los himnos m\u00e1s importante de la historia de la m\u00fasica latina.<\/p>\n<p>&nbsp;<\/p>\n<p>&nbsp;<\/p>","protected":false},"excerpt":{"rendered":"<h3>Demo:<\/h3>\n<div class=\"wp-playlist wp-audio-playlist wp-playlist-light\">\n<div class=\"wp-playlist-current-item\"><\/div>\n<p>\t\t<audio controls=\"controls\" preload=\"none\" width=\"1378\"\n\t\t\t><\/audio><\/p>\n<div class=\"wp-playlist-next\"><\/div>\n<div class=\"wp-playlist-prev\"><\/div>\n<p>\t<noscript><\/p>\n<ol>\n<li><a href='https:\/\/backingtracksmusic.com\/wp-content\/uploads\/2021\/12\/Besame-mucho-Am-play-reference-soprano-sax-DEMO.mp3'>Besame mucho Am play + reference soprano sax DEMO<\/a><\/li>\n<li><a href='https:\/\/backingtracksmusic.com\/wp-content\/uploads\/2021\/12\/Besame-mucho-Am-play-v2-DEMO.mp3'>Besame mucho Am play v2 DEMO<\/a><\/li>\n<\/ol>\n<p>\t<\/noscript><br \/>\n\t<script type=\"application\/json\" class=\"wp-playlist-script\">{\"type\":\"audio\",\"tracklist\":true,\"tracknumbers\":true,\"images\":false,\"artists\":false,\"tracks\":[{\"src\":\"https:\/\/backingtracksmusic.com\/wp-content\/uploads\/2021\/12\/Besame-mucho-Am-play-reference-soprano-sax-DEMO.mp3\",\"type\":\"audio\/mpeg\",\"title\":\"Besame mucho Am play + reference soprano sax DEMO\",\"caption\":\"\",\"description\":\"\\\"Besame mucho Am play + reference soprano sax DEMO\\\". G\\u00e9nero: Otro.\",\"meta\":{\"genre\":\"Otro\",\"length_formatted\":\"1:39\"},\"image\":{\"src\":\"https:\/\/backingtracksmusic.com\/wp-includes\/images\/media\/audio.svg\",\"width\":48,\"height\":64},\"thumb\":{\"src\":\"https:\/\/backingtracksmusic.com\/wp-includes\/images\/media\/audio.svg\",\"width\":48,\"height\":64}},{\"src\":\"https:\/\/backingtracksmusic.com\/wp-content\/uploads\/2021\/12\/Besame-mucho-Am-play-v2-DEMO.mp3\",\"type\":\"audio\/mpeg\",\"title\":\"Besame mucho Am play v2 DEMO\",\"caption\":\"\",\"description\":\"\\\"Besame mucho Am play v2 DEMO\\\". G\\u00e9nero: Otro.\",\"meta\":{\"genre\":\"Otro\",\"length_formatted\":\"1:33\"},\"image\":{\"src\":\"https:\/\/backingtracksmusic.com\/wp-includes\/images\/media\/audio.svg\",\"width\":48,\"height\":64},\"thumb\":{\"src\":\"https:\/\/backingtracksmusic.com\/wp-includes\/images\/media\/audio.svg\",\"width\":48,\"height\":64}}]}<\/script>\n<\/div>","protected":false},"featured_media":4087,"template":"","meta":{"_acf_changed":false},"product_brand":[],"product_cat":[88],"product_tag":[202],"class_list":{"0":"post-4085","1":"product","2":"type-product","3":"status-publish","4":"has-post-thumbnail","6":"product_cat-03-boleros","7":"product_tag-consuelo-velazquez","9":"first","10":"instock","11":"virtual","12":"purchasable","13":"product-type-simple"},"acf":[],"_links":{"self":[{"href":"https:\/\/backingtracksmusic.com\/en\/wp-json\/wp\/v2\/product\/4085","targetHints":{"allow":["GET"]}}],"collection":[{"href":"https:\/\/backingtracksmusic.com\/en\/wp-json\/wp\/v2\/product"}],"about":[{"href":"https:\/\/backingtracksmusic.com\/en\/wp-json\/wp\/v2\/types\/product"}],"wp:featuredmedia":[{"embeddable":true,"href":"https:\/\/backingtracksmusic.com\/en\/wp-json\/wp\/v2\/media\/4087"}],"wp:attachment":[{"href":"https:\/\/backingtracksmusic.com\/en\/wp-json\/wp\/v2\/media?parent=4085"}],"wp:term":[{"taxonomy":"product_brand","embeddable":true,"href":"https:\/\/backingtracksmusic.com\/en\/wp-json\/wp\/v2\/product_brand?post=4085"},{"taxonomy":"product_cat","embeddable":true,"href":"https:\/\/backingtracksmusic.com\/en\/wp-json\/wp\/v2\/product_cat?post=4085"},{"taxonomy":"product_tag","embeddable":true,"href":"https:\/\/backingtracksmusic.com\/en\/wp-json\/wp\/v2\/product_tag?post=4085"}],"curies":[{"name":"wp","href":"https:\/\/api.w.org\/{rel}","templated":true}]}}