{"id":3997,"date":"2021-12-28T15:02:01","date_gmt":"2021-12-28T18:02:01","guid":{"rendered":"https:\/\/backingtracksmusic.com\/?post_type=product&#038;p=3997"},"modified":"2022-03-22T09:49:52","modified_gmt":"2022-03-22T12:49:52","slug":"la-pomena","status":"publish","type":"product","link":"https:\/\/backingtracksmusic.com\/en\/product\/la-pomena\/","title":{"rendered":"La pome\u00f1a"},"content":{"rendered":"<h3>Information:<\/h3>\n<p>Esta zamba fue compuesta en 1969, por Manuel J. Castilla (letra) y Gustavo&#8221;Cuchi&#8221; Leguizam\u00f3n (m\u00fasica) como premio a quien venci\u00f3 a Manuel J. Castilla (\u201cel Barba\u201d) en un contrapunto: Eulogia Tapia.<\/p>\n<p>&nbsp;<\/p>\n<p>&nbsp;<\/p>","protected":false},"excerpt":{"rendered":"<h3>Demo:<\/h3>\n<div class=\"wp-playlist wp-audio-playlist wp-playlist-light\">\n<div class=\"wp-playlist-current-item\"><\/div>\n<p>\t\t<audio controls=\"controls\" preload=\"none\" width=\"1378\"\n\t\t\t><\/audio><\/p>\n<div class=\"wp-playlist-next\"><\/div>\n<div class=\"wp-playlist-prev\"><\/div>\n<p>\t<noscript><\/p>\n<ol>\n<li><a href='https:\/\/backingtracksmusic.com\/wp-content\/uploads\/2021\/12\/La-pomena-C-piano-play-DEMO.mp3'>La pome\u00f1a C piano play DEMO<\/a><\/li>\n<li><a href='https:\/\/backingtracksmusic.com\/wp-content\/uploads\/2021\/12\/La-pomena-C-piano-play-clarinet-referencia-DEMO.mp3'>La pome\u00f1a C piano play + clarinet referencia DEMO<\/a><\/li>\n<\/ol>\n<p>\t<\/noscript><br \/>\n\t<script type=\"application\/json\" class=\"wp-playlist-script\">{\"type\":\"audio\",\"tracklist\":true,\"tracknumbers\":true,\"images\":false,\"artists\":false,\"tracks\":[{\"src\":\"https:\/\/backingtracksmusic.com\/wp-content\/uploads\/2021\/12\/La-pomena-C-piano-play-DEMO.mp3\",\"type\":\"audio\/mpeg\",\"title\":\"La pome\\u00f1a C piano play DEMO\",\"caption\":\"\",\"description\":\"\\\"La pome\\u00f1a C piano play DEMO\\\". G\\u00e9nero: Otro.\",\"meta\":{\"genre\":\"Otro\",\"length_formatted\":\"1:21\"},\"image\":{\"src\":\"https:\/\/backingtracksmusic.com\/wp-includes\/images\/media\/audio.svg\",\"width\":48,\"height\":64},\"thumb\":{\"src\":\"https:\/\/backingtracksmusic.com\/wp-includes\/images\/media\/audio.svg\",\"width\":48,\"height\":64}},{\"src\":\"https:\/\/backingtracksmusic.com\/wp-content\/uploads\/2021\/12\/La-pomena-C-piano-play-clarinet-referencia-DEMO.mp3\",\"type\":\"audio\/mpeg\",\"title\":\"La pome\\u00f1a C piano play + clarinet referencia DEMO\",\"caption\":\"\",\"description\":\"\\\"La pome\\u00f1a C piano play + clarinet referencia DEMO\\\". G\\u00e9nero: Otro.\",\"meta\":{\"genre\":\"Otro\",\"length_formatted\":\"2:01\"},\"image\":{\"src\":\"https:\/\/backingtracksmusic.com\/wp-includes\/images\/media\/audio.svg\",\"width\":48,\"height\":64},\"thumb\":{\"src\":\"https:\/\/backingtracksmusic.com\/wp-includes\/images\/media\/audio.svg\",\"width\":48,\"height\":64}}]}<\/script>\n<\/div>","protected":false},"featured_media":3998,"template":"","meta":{"_acf_changed":false},"product_brand":[],"product_cat":[91],"product_tag":[175],"class_list":{"0":"post-3997","1":"product","2":"type-product","3":"status-publish","4":"has-post-thumbnail","6":"product_cat-06-folklore-argentino","7":"product_tag-gustavo-cuchi-leguizamon","9":"first","10":"instock","11":"virtual","12":"purchasable","13":"product-type-simple"},"acf":[],"_links":{"self":[{"href":"https:\/\/backingtracksmusic.com\/en\/wp-json\/wp\/v2\/product\/3997","targetHints":{"allow":["GET"]}}],"collection":[{"href":"https:\/\/backingtracksmusic.com\/en\/wp-json\/wp\/v2\/product"}],"about":[{"href":"https:\/\/backingtracksmusic.com\/en\/wp-json\/wp\/v2\/types\/product"}],"wp:featuredmedia":[{"embeddable":true,"href":"https:\/\/backingtracksmusic.com\/en\/wp-json\/wp\/v2\/media\/3998"}],"wp:attachment":[{"href":"https:\/\/backingtracksmusic.com\/en\/wp-json\/wp\/v2\/media?parent=3997"}],"wp:term":[{"taxonomy":"product_brand","embeddable":true,"href":"https:\/\/backingtracksmusic.com\/en\/wp-json\/wp\/v2\/product_brand?post=3997"},{"taxonomy":"product_cat","embeddable":true,"href":"https:\/\/backingtracksmusic.com\/en\/wp-json\/wp\/v2\/product_cat?post=3997"},{"taxonomy":"product_tag","embeddable":true,"href":"https:\/\/backingtracksmusic.com\/en\/wp-json\/wp\/v2\/product_tag?post=3997"}],"curies":[{"name":"wp","href":"https:\/\/api.w.org\/{rel}","templated":true}]}}