{"id":3977,"date":"2021-12-28T14:02:02","date_gmt":"2021-12-28T17:02:02","guid":{"rendered":"https:\/\/backingtracksmusic.com\/?post_type=product&#038;p=3977"},"modified":"2022-03-22T09:49:59","modified_gmt":"2022-03-22T12:49:59","slug":"himno-nacional-argentino","status":"publish","type":"product","link":"https:\/\/backingtracksmusic.com\/en\/product\/himno-nacional-argentino\/","title":{"rendered":"Himno nacional Argentino"},"content":{"rendered":"<h3>Information:<\/h3>\n<p>El Himno Nacional Argentino es el himno oficial de Argentina, y uno de los s\u00edmbolos patrios de ese pa\u00eds. Fue escrito por Alejandro Vicente L\u00f3pez y Planes en 1812 y compuesto por Blas Parera un a\u00f1o m\u00e1s tarde. Originalmente fue denominado Marcha patri\u00f3tica, luego Canci\u00f3n patri\u00f3tica nacional y posteriormente fue una Canci\u00f3n patri\u00f3tica. Una publicaci\u00f3n en 1847 lo llam\u00f3 \u00abHimno Nacional Argentino\u00bb, nombre que ha conservado y con el cual es conocido.<\/p>\n<p>&nbsp;<\/p>\n<p>&nbsp;<\/p>","protected":false},"excerpt":{"rendered":"<h3>Demo:<\/h3>\n<div class=\"wp-playlist wp-audio-playlist wp-playlist-light\">\n<div class=\"wp-playlist-current-item\"><\/div>\n<p>\t\t<audio controls=\"controls\" preload=\"none\" width=\"1378\"\n\t\t\t><\/audio><\/p>\n<div class=\"wp-playlist-next\"><\/div>\n<div class=\"wp-playlist-prev\"><\/div>\n<p>\t<noscript><\/p>\n<ol>\n<li><a href='https:\/\/backingtracksmusic.com\/wp-content\/uploads\/2021\/12\/Himno-nacional-argentino-Bb-play-full-v2-DEMO.mp3'>Himno nacional argentino Bb play full v2 DEMO<\/a><\/li>\n<li><a href='https:\/\/backingtracksmusic.com\/wp-content\/uploads\/2021\/12\/Himno-nacional-argentino-Bb-play-full-flute-referencia-DEMO.mp3'>Himno nacional argentino Bb play full + flute referencia DEMO<\/a><\/li>\n<\/ol>\n<p>\t<\/noscript><br \/>\n\t<script type=\"application\/json\" class=\"wp-playlist-script\">{\"type\":\"audio\",\"tracklist\":true,\"tracknumbers\":true,\"images\":false,\"artists\":false,\"tracks\":[{\"src\":\"https:\/\/backingtracksmusic.com\/wp-content\/uploads\/2021\/12\/Himno-nacional-argentino-Bb-play-full-v2-DEMO.mp3\",\"type\":\"audio\/mpeg\",\"title\":\"Himno nacional argentino Bb play full v2 DEMO\",\"caption\":\"\",\"description\":\"\\\"Himno nacional argentino Bb play full v2 DEMO\\\". G\\u00e9nero: Otro.\",\"meta\":{\"genre\":\"Otro\",\"length_formatted\":\"1:37\"},\"image\":{\"src\":\"https:\/\/backingtracksmusic.com\/wp-includes\/images\/media\/audio.svg\",\"width\":48,\"height\":64},\"thumb\":{\"src\":\"https:\/\/backingtracksmusic.com\/wp-includes\/images\/media\/audio.svg\",\"width\":48,\"height\":64}},{\"src\":\"https:\/\/backingtracksmusic.com\/wp-content\/uploads\/2021\/12\/Himno-nacional-argentino-Bb-play-full-flute-referencia-DEMO.mp3\",\"type\":\"audio\/mpeg\",\"title\":\"Himno nacional argentino Bb play full + flute referencia DEMO\",\"caption\":\"\",\"description\":\"\\\"Himno nacional argentino Bb play full + flute referencia DEMO\\\". G\\u00e9nero: Otro.\",\"meta\":{\"genre\":\"Otro\",\"length_formatted\":\"1:50\"},\"image\":{\"src\":\"https:\/\/backingtracksmusic.com\/wp-includes\/images\/media\/audio.svg\",\"width\":48,\"height\":64},\"thumb\":{\"src\":\"https:\/\/backingtracksmusic.com\/wp-includes\/images\/media\/audio.svg\",\"width\":48,\"height\":64}}]}<\/script>\n<\/div>","protected":false},"featured_media":3978,"template":"","meta":{"_acf_changed":false},"product_brand":[],"product_cat":[91],"product_tag":[172,171],"class_list":{"0":"post-3977","1":"product","2":"type-product","3":"status-publish","4":"has-post-thumbnail","6":"product_cat-06-folklore-argentino","7":"product_tag-planes","8":"product_tag-vicente-lopez","10":"first","11":"instock","12":"virtual","13":"purchasable","14":"product-type-simple"},"acf":[],"_links":{"self":[{"href":"https:\/\/backingtracksmusic.com\/en\/wp-json\/wp\/v2\/product\/3977","targetHints":{"allow":["GET"]}}],"collection":[{"href":"https:\/\/backingtracksmusic.com\/en\/wp-json\/wp\/v2\/product"}],"about":[{"href":"https:\/\/backingtracksmusic.com\/en\/wp-json\/wp\/v2\/types\/product"}],"wp:featuredmedia":[{"embeddable":true,"href":"https:\/\/backingtracksmusic.com\/en\/wp-json\/wp\/v2\/media\/3978"}],"wp:attachment":[{"href":"https:\/\/backingtracksmusic.com\/en\/wp-json\/wp\/v2\/media?parent=3977"}],"wp:term":[{"taxonomy":"product_brand","embeddable":true,"href":"https:\/\/backingtracksmusic.com\/en\/wp-json\/wp\/v2\/product_brand?post=3977"},{"taxonomy":"product_cat","embeddable":true,"href":"https:\/\/backingtracksmusic.com\/en\/wp-json\/wp\/v2\/product_cat?post=3977"},{"taxonomy":"product_tag","embeddable":true,"href":"https:\/\/backingtracksmusic.com\/en\/wp-json\/wp\/v2\/product_tag?post=3977"}],"curies":[{"name":"wp","href":"https:\/\/api.w.org\/{rel}","templated":true}]}}