{"id":3896,"date":"2021-12-28T12:41:09","date_gmt":"2021-12-28T15:41:09","guid":{"rendered":"https:\/\/backingtracksmusic.com\/?post_type=product&#038;p=3896"},"modified":"2022-03-22T09:50:37","modified_gmt":"2022-03-22T12:50:37","slug":"la-yumba","status":"publish","type":"product","link":"https:\/\/backingtracksmusic.com\/en\/product\/la-yumba\/","title":{"rendered":"La yumba"},"content":{"rendered":"<h3>Information:<\/h3>\n<p>&#8220;La yumba&#8221; es un tango creado por Osvaldo Pugliese en 1946.<br \/>\nfue tocado por el mismo Pugliese junto a su orquesta en el Teatro Col\u00f3n de Buenos Aires el 26 de diciembre de 1985 en ocasi\u00f3n del 80\u00b0 aniversario del m\u00fasico, convirti\u00e9ndose as\u00ed en uno de los primeros tangos ejecutados en el famoso teatro de m\u00fasica cl\u00e1sica.<\/p>\n<p>&nbsp;<\/p>\n<p>&nbsp;<\/p>","protected":false},"excerpt":{"rendered":"<h3>Demo:<\/h3>\n<div class=\"wp-playlist wp-audio-playlist wp-playlist-light\">\n<div class=\"wp-playlist-current-item\"><\/div>\n<p>\t\t<audio controls=\"controls\" preload=\"none\" width=\"1378\"\n\t\t\t><\/audio><\/p>\n<div class=\"wp-playlist-next\"><\/div>\n<div class=\"wp-playlist-prev\"><\/div>\n<p>\t<noscript><\/p>\n<ol>\n<li><a href='https:\/\/backingtracksmusic.com\/wp-content\/uploads\/2021\/12\/La-yumba-Am-play-full-referencia-DEMO.mp3'>La yumba Am play full + referencia DEMO<\/a><\/li>\n<li><a href='https:\/\/backingtracksmusic.com\/wp-content\/uploads\/2021\/12\/La-yumba-Am-play-full-DEMO.mp3'>La yumba Am play full DEMO<\/a><\/li>\n<\/ol>\n<p>\t<\/noscript><br \/>\n\t<script type=\"application\/json\" class=\"wp-playlist-script\">{\"type\":\"audio\",\"tracklist\":true,\"tracknumbers\":true,\"images\":false,\"artists\":false,\"tracks\":[{\"src\":\"https:\/\/backingtracksmusic.com\/wp-content\/uploads\/2021\/12\/La-yumba-Am-play-full-referencia-DEMO.mp3\",\"type\":\"audio\/mpeg\",\"title\":\"La yumba Am play full + referencia DEMO\",\"caption\":\"\",\"description\":\"\\\"La yumba Am play full + referencia DEMO\\\". G\\u00e9nero: Otro.\",\"meta\":{\"genre\":\"Otro\",\"length_formatted\":\"1:37\"},\"image\":{\"src\":\"https:\/\/backingtracksmusic.com\/wp-includes\/images\/media\/audio.svg\",\"width\":48,\"height\":64},\"thumb\":{\"src\":\"https:\/\/backingtracksmusic.com\/wp-includes\/images\/media\/audio.svg\",\"width\":48,\"height\":64}},{\"src\":\"https:\/\/backingtracksmusic.com\/wp-content\/uploads\/2021\/12\/La-yumba-Am-play-full-DEMO.mp3\",\"type\":\"audio\/mpeg\",\"title\":\"La yumba Am play full DEMO\",\"caption\":\"\",\"description\":\"\\\"La yumba Am play full DEMO\\\". G\\u00e9nero: Otro.\",\"meta\":{\"genre\":\"Otro\",\"length_formatted\":\"1:19\"},\"image\":{\"src\":\"https:\/\/backingtracksmusic.com\/wp-includes\/images\/media\/audio.svg\",\"width\":48,\"height\":64},\"thumb\":{\"src\":\"https:\/\/backingtracksmusic.com\/wp-includes\/images\/media\/audio.svg\",\"width\":48,\"height\":64}}]}<\/script>\n<\/div>","protected":false},"featured_media":3897,"template":"","meta":{"_acf_changed":false},"product_brand":[],"product_cat":[86],"product_tag":[154],"class_list":{"0":"post-3896","1":"product","2":"type-product","3":"status-publish","4":"has-post-thumbnail","6":"product_cat-01-tango","7":"product_tag-osvaldo-pugliese","9":"first","10":"instock","11":"virtual","12":"purchasable","13":"product-type-simple"},"acf":[],"_links":{"self":[{"href":"https:\/\/backingtracksmusic.com\/en\/wp-json\/wp\/v2\/product\/3896","targetHints":{"allow":["GET"]}}],"collection":[{"href":"https:\/\/backingtracksmusic.com\/en\/wp-json\/wp\/v2\/product"}],"about":[{"href":"https:\/\/backingtracksmusic.com\/en\/wp-json\/wp\/v2\/types\/product"}],"wp:featuredmedia":[{"embeddable":true,"href":"https:\/\/backingtracksmusic.com\/en\/wp-json\/wp\/v2\/media\/3897"}],"wp:attachment":[{"href":"https:\/\/backingtracksmusic.com\/en\/wp-json\/wp\/v2\/media?parent=3896"}],"wp:term":[{"taxonomy":"product_brand","embeddable":true,"href":"https:\/\/backingtracksmusic.com\/en\/wp-json\/wp\/v2\/product_brand?post=3896"},{"taxonomy":"product_cat","embeddable":true,"href":"https:\/\/backingtracksmusic.com\/en\/wp-json\/wp\/v2\/product_cat?post=3896"},{"taxonomy":"product_tag","embeddable":true,"href":"https:\/\/backingtracksmusic.com\/en\/wp-json\/wp\/v2\/product_tag?post=3896"}],"curies":[{"name":"wp","href":"https:\/\/api.w.org\/{rel}","templated":true}]}}